{"id":158,"date":"2021-03-09T11:43:05","date_gmt":"2021-03-09T11:43:05","guid":{"rendered":"https:\/\/foundations.ac\/terms-conditions\/"},"modified":"2021-05-28T09:58:19","modified_gmt":"2021-05-28T09:58:19","slug":"terms-conditions","status":"publish","type":"page","link":"https:\/\/foundations.ac\/es\/terms-conditions\/","title":{"rendered":"T\u00e9rminos y condiciones"},"content":{"rendered":"<div data-elementor-type=\"wp-page\" data-elementor-id=\"158\" class=\"elementor elementor-158\">\n\t\t\t\t\t\t<section class=\"elementor-section elementor-top-section elementor-element elementor-element-4079386 elementor-section-boxed elementor-section-height-default elementor-section-height-default magic-button-disabled-no\" data-id=\"4079386\" data-element_type=\"section\" data-e-type=\"section\">\n\t\t\t\t\t\t<div class=\"elementor-container elementor-column-gap-default\">\n\t\t\t\t\t<div class=\"elementor-column elementor-col-100 elementor-top-column elementor-element elementor-element-72fc91ec\" data-id=\"72fc91ec\" data-element_type=\"column\" data-e-type=\"column\">\n\t\t\t<div class=\"elementor-widget-wrap elementor-element-populated\">\n\t\t\t\t\t\t<div class=\"elementor-element elementor-element-44c66f8 elementor-widget elementor-widget-text-editor\" data-id=\"44c66f8\" data-element_type=\"widget\" data-e-type=\"widget\" data-widget_type=\"text-editor.default\">\n\t\t\t\t<div class=\"elementor-widget-container\">\n\t\t\t\t\t\t\t\t\t<p>Estos T\u00e9rminos rigen su acceso y uso de todo el contenido, Producto y Servicios disponibles en el sitio web https:\/\/foundations.ac (el &quot;Servicio&quot;) operado por FIAT (&quot;nosotros&quot;, &quot;nosotros&quot; o &quot;nuestro&quot;).<\/p><p>Su acceso a nuestros servicios est\u00e1 sujeto a su aceptaci\u00f3n, sin modificaciones, de todos los t\u00e9rminos y condiciones contenidos en este documento y todas las dem\u00e1s reglas y pol\u00edticas operativas publicadas y que podamos publicar peri\u00f3dicamente.<\/p><p>Lea atentamente el Acuerdo antes de acceder o utilizar nuestros Servicios. Al acceder o utilizar cualquier parte de nuestros Servicios, usted acepta estar sujeto a estos T\u00e9rminos. Si no est\u00e1 de acuerdo con alguna parte de los t\u00e9rminos del Acuerdo, no podr\u00e1 acceder ni utilizar nuestros Servicios.<\/p><h2>Propiedad intelectual<\/h2><p>El Acuerdo no transfiere de Nosotros a usted ninguna propiedad intelectual nuestra o de terceros, y todos los derechos, t\u00edtulos e intereses sobre dicha propiedad permanecer\u00e1n (entre las partes) \u00fanicamente con FIAT y sus licenciantes.<\/p><h3>Servicios de terceros<\/h3><p>Al usar los Servicios, puede usar servicios, productos, software, incrustaciones o aplicaciones de terceros desarrollados por un tercero (&quot;Servicios de terceros&quot;).<\/p><p>Si utiliza Servicios de terceros, comprende que:<\/p><ul><li>Cualquier uso de un Servicio de terceros es bajo su propio riesgo, y no seremos responsables ante nadie por los sitios web o Servicios de terceros.<\/li><li>Usted reconoce y acepta que no seremos responsables de ning\u00fan da\u00f1o o p\u00e9rdida causada o presuntamente causada por o en relaci\u00f3n con el uso de dicho contenido, bienes o servicios disponibles en o a trav\u00e9s de dichos sitios web o servicios.<\/li><\/ul><h2>cuentas<\/h2><p>Cuando el uso de cualquier parte de nuestros Servicios requiera una cuenta, usted acepta proporcionarnos informaci\u00f3n completa y precisa cuando se registra para obtener una cuenta.<\/p><p>Usted ser\u00e1 el \u00fanico responsable de cualquier actividad que ocurra en su cuenta. Usted es responsable de mantener actualizada la informaci\u00f3n de su cuenta y de mantener segura su contrase\u00f1a.<\/p><p>Usted es responsable de mantener la seguridad de su cuenta que utiliza para acceder al Servicio. No deber\u00e1 compartir ni hacer mal uso de sus credenciales de acceso. Debe notificarnos de inmediato sobre cualquier uso no autorizado de su cuenta o al darse cuenta de cualquier otra violaci\u00f3n de la seguridad.<\/p><h2>Terminaci\u00f3n<\/h2><p>Podemos rescindir o suspender su acceso a la totalidad o parte de nuestros Servicios en cualquier momento, con o sin causa, con o sin notificaci\u00f3n, con efecto inmediato.<\/p><p>Si desea rescindir el Acuerdo o su cuenta FIAT, simplemente puede dejar de utilizar nuestros Servicios.<\/p><p>Todas las disposiciones del Acuerdo que, por su naturaleza, deban sobrevivir a la terminaci\u00f3n sobrevivir\u00e1n a la terminaci\u00f3n, incluidas, entre otras, las disposiciones de propiedad, las exenciones de garant\u00eda, la indemnizaci\u00f3n y las limitaciones de responsabilidad.<\/p><h2>Descargo de responsabilidad<\/h2><p>Nuestros Servicios se proporcionan &quot;TAL CUAL&quot;. y \u201cSEG\u00daN DISPONIBILIDAD\u201d. FIAT y sus proveedores y otorgantes de licencia renuncian a todas las garant\u00edas de cualquier tipo, expresas o impl\u00edcitas, incluidas, entre otras, las garant\u00edas de comerciabilidad, idoneidad para un prop\u00f3sito particular y no infracci\u00f3n. Ni FIAT, ni sus proveedores y otorgantes de licencias garantizan que nuestros Servicios est\u00e9n libres de errores o que el acceso a los mismos sea continuo o ininterrumpido. Usted comprende que descarga u obtiene contenido o servicios a trav\u00e9s de nuestros Servicios a su propia discreci\u00f3n y riesgo.<\/p><h3>Jurisdicci\u00f3n y Ley Aplicable<\/h3><p>Excepto en la medida en que la ley aplicable disponga lo contrario, el Acuerdo y cualquier acceso o uso de nuestros Servicios se regir\u00e1n por las leyes de Irlanda.<\/p><p>El lugar apropiado para cualquier disputa que surja de o est\u00e9 relacionada con el Acuerdo y cualquier acceso o uso de nuestros Servicios ser\u00e1n los tribunales estatales y federales ubicados en Irlanda.<\/p><h2>Cambios<\/h2><p>FIAT se reserva el derecho, a nuestro exclusivo criterio, de modificar o reemplazar estos T\u00e9rminos en cualquier momento.<\/p><p>Si realizamos cambios importantes, se lo informaremos public\u00e1ndolos en nuestro sitio web o envi\u00e1ndole un correo electr\u00f3nico u otra comunicaci\u00f3n antes de que los cambios entren en vigencia. El aviso designar\u00e1 un per\u00edodo de tiempo razonable despu\u00e9s del cual los nuevos t\u00e9rminos entrar\u00e1n en vigencia.<\/p><p>Si no est\u00e1 de acuerdo con nuestros cambios, debe dejar de usar nuestros Servicios dentro del per\u00edodo de aviso designado, o una vez que los cambios entren en vigencia.<\/p><p>Su uso continuado de nuestros Servicios estar\u00e1 sujeto a los nuevos t\u00e9rminos.<\/p>\t\t\t\t\t\t\t\t<\/div>\n\t\t\t\t<\/div>\n\t\t\t\t\t<\/div>\n\t\t<\/div>\n\t\t\t\t\t<\/div>\n\t\t<\/section>\n\t\t\t\t<\/div>","protected":false},"excerpt":{"rendered":"<p>These Terms govern your access to, usage of all content, Product and Services available at https:\/\/foundations.ac website (the \u201cService\u201d) operated by FIAT (\u201cus\u201d, \u201cwe\u201d, or \u201cour\u201d). Your access to our services are subject to your acceptance, without modification, of all of the terms and conditions contained herein and all other operating rules and policies published [&hellip;]<\/p>\n","protected":false},"author":1,"featured_media":0,"parent":0,"menu_order":0,"comment_status":"closed","ping_status":"closed","template":"","meta":{"inline_featured_image":false,"_monsterinsights_skip_tracking":false,"_monsterinsights_sitenote_active":false,"_monsterinsights_sitenote_note":"","_monsterinsights_sitenote_category":0,"footnotes":""},"class_list":["post-158","page","type-page","status-publish","hentry"],"yoast_head":"<!-- This site is optimized with the Yoast SEO plugin v26.9 - https:\/\/yoast.com\/product\/yoast-seo-wordpress\/ -->\n<title>Terms &amp; Conditions - FIAT<\/title>\n<meta name=\"robots\" content=\"index, follow, max-snippet:-1, max-image-preview:large, max-video-preview:-1\" \/>\n<link rel=\"canonical\" href=\"https:\/\/foundations.ac\/es\/terms-conditions\/\" \/>\n<meta property=\"og:locale\" content=\"es_ES\" \/>\n<meta property=\"og:type\" content=\"article\" \/>\n<meta property=\"og:title\" content=\"Terms &amp; Conditions - FIAT\" \/>\n<meta property=\"og:description\" content=\"These Terms govern your access to, usage of all content, Product and Services available at https:\/\/foundations.ac website (the \u201cService\u201d) operated by FIAT (\u201cus\u201d, \u201cwe\u201d, or \u201cour\u201d). Your access to our services are subject to your acceptance, without modification, of all of the terms and conditions contained herein and all other operating rules and policies published [&hellip;]\" \/>\n<meta property=\"og:url\" content=\"https:\/\/foundations.ac\/es\/terms-conditions\/\" \/>\n<meta property=\"og:site_name\" content=\"FIAT\" \/>\n<meta property=\"article:modified_time\" content=\"2021-05-28T09:58:19+00:00\" \/>\n<meta name=\"twitter:card\" content=\"summary_large_image\" \/>\n<meta name=\"twitter:label1\" content=\"Tiempo de lectura\" \/>\n\t<meta name=\"twitter:data1\" content=\"4 minutos\" \/>\n<script type=\"application\/ld+json\" class=\"yoast-schema-graph\">{\"@context\":\"https:\/\/schema.org\",\"@graph\":[{\"@type\":\"WebPage\",\"@id\":\"https:\/\/foundations.ac\/terms-conditions\/\",\"url\":\"https:\/\/foundations.ac\/terms-conditions\/\",\"name\":\"Terms & Conditions - FIAT\",\"isPartOf\":{\"@id\":\"https:\/\/foundations.ac\/#website\"},\"datePublished\":\"2021-03-09T11:43:05+00:00\",\"dateModified\":\"2021-05-28T09:58:19+00:00\",\"breadcrumb\":{\"@id\":\"https:\/\/foundations.ac\/terms-conditions\/#breadcrumb\"},\"inLanguage\":\"es\",\"potentialAction\":[{\"@type\":\"ReadAction\",\"target\":[\"https:\/\/foundations.ac\/terms-conditions\/\"]}]},{\"@type\":\"BreadcrumbList\",\"@id\":\"https:\/\/foundations.ac\/terms-conditions\/#breadcrumb\",\"itemListElement\":[{\"@type\":\"ListItem\",\"position\":1,\"name\":\"Home\",\"item\":\"https:\/\/foundations.ac\/en\/\"},{\"@type\":\"ListItem\",\"position\":2,\"name\":\"Terms &#038; Conditions\"}]},{\"@type\":\"WebSite\",\"@id\":\"https:\/\/foundations.ac\/#website\",\"url\":\"https:\/\/foundations.ac\/\",\"name\":\"FIAT\",\"description\":\"My WordPress Blog\",\"potentialAction\":[{\"@type\":\"SearchAction\",\"target\":{\"@type\":\"EntryPoint\",\"urlTemplate\":\"https:\/\/foundations.ac\/?s={search_term_string}\"},\"query-input\":{\"@type\":\"PropertyValueSpecification\",\"valueRequired\":true,\"valueName\":\"search_term_string\"}}],\"inLanguage\":\"es\"}]}<\/script>\n<!-- \/ Yoast SEO plugin. -->","yoast_head_json":{"title":"T\u00e9rminos y condiciones - FIAT","robots":{"index":"index","follow":"follow","max-snippet":"max-snippet:-1","max-image-preview":"max-image-preview:large","max-video-preview":"max-video-preview:-1"},"canonical":"https:\/\/foundations.ac\/es\/terms-conditions\/","og_locale":"es_ES","og_type":"article","og_title":"Terms & Conditions - FIAT","og_description":"These Terms govern your access to, usage of all content, Product and Services available at https:\/\/foundations.ac website (the \u201cService\u201d) operated by FIAT (\u201cus\u201d, \u201cwe\u201d, or \u201cour\u201d). Your access to our services are subject to your acceptance, without modification, of all of the terms and conditions contained herein and all other operating rules and policies published [&hellip;]","og_url":"https:\/\/foundations.ac\/es\/terms-conditions\/","og_site_name":"FIAT","article_modified_time":"2021-05-28T09:58:19+00:00","twitter_card":"summary_large_image","twitter_misc":{"Tiempo de lectura":"4 minutos"},"schema":{"@context":"https:\/\/schema.org","@graph":[{"@type":"WebPage","@id":"https:\/\/foundations.ac\/terms-conditions\/","url":"https:\/\/foundations.ac\/terms-conditions\/","name":"T\u00e9rminos y condiciones - FIAT","isPartOf":{"@id":"https:\/\/foundations.ac\/#website"},"datePublished":"2021-03-09T11:43:05+00:00","dateModified":"2021-05-28T09:58:19+00:00","breadcrumb":{"@id":"https:\/\/foundations.ac\/terms-conditions\/#breadcrumb"},"inLanguage":"es","potentialAction":[{"@type":"ReadAction","target":["https:\/\/foundations.ac\/terms-conditions\/"]}]},{"@type":"BreadcrumbList","@id":"https:\/\/foundations.ac\/terms-conditions\/#breadcrumb","itemListElement":[{"@type":"ListItem","position":1,"name":"Home","item":"https:\/\/foundations.ac\/en\/"},{"@type":"ListItem","position":2,"name":"Terms &#038; Conditions"}]},{"@type":"WebSite","@id":"https:\/\/foundations.ac\/#website","url":"https:\/\/foundations.ac\/","name":"F\u00cdAT","description":"Mi blog de WordPress","potentialAction":[{"@type":"SearchAction","target":{"@type":"EntryPoint","urlTemplate":"https:\/\/foundations.ac\/?s={search_term_string}"},"query-input":{"@type":"PropertyValueSpecification","valueRequired":true,"valueName":"search_term_string"}}],"inLanguage":"es"}]}},"_links":{"self":[{"href":"https:\/\/foundations.ac\/es\/wp-json\/wp\/v2\/pages\/158","targetHints":{"allow":["GET"]}}],"collection":[{"href":"https:\/\/foundations.ac\/es\/wp-json\/wp\/v2\/pages"}],"about":[{"href":"https:\/\/foundations.ac\/es\/wp-json\/wp\/v2\/types\/page"}],"author":[{"embeddable":true,"href":"https:\/\/foundations.ac\/es\/wp-json\/wp\/v2\/users\/1"}],"replies":[{"embeddable":true,"href":"https:\/\/foundations.ac\/es\/wp-json\/wp\/v2\/comments?post=158"}],"version-history":[{"count":3,"href":"https:\/\/foundations.ac\/es\/wp-json\/wp\/v2\/pages\/158\/revisions"}],"predecessor-version":[{"id":468,"href":"https:\/\/foundations.ac\/es\/wp-json\/wp\/v2\/pages\/158\/revisions\/468"}],"wp:attachment":[{"href":"https:\/\/foundations.ac\/es\/wp-json\/wp\/v2\/media?parent=158"}],"curies":[{"name":"gracias","href":"https:\/\/api.w.org\/{rel}","templated":true}]}}