{"id":159,"date":"2021-03-09T11:40:21","date_gmt":"2021-03-09T11:40:21","guid":{"rendered":"https:\/\/foundations.ac\/privacy-policy-2\/"},"modified":"2021-05-28T12:20:02","modified_gmt":"2021-05-28T12:20:02","slug":"privacy-policy","status":"publish","type":"page","link":"https:\/\/foundations.ac\/es\/privacy-policy\/","title":{"rendered":"Pol\u00edtica de privacidad"},"content":{"rendered":"<div data-elementor-type=\"wp-page\" data-elementor-id=\"159\" class=\"elementor elementor-159\">\n\t\t\t\t\t\t<section class=\"elementor-section elementor-top-section elementor-element elementor-element-51997f71 elementor-section-boxed elementor-section-height-default elementor-section-height-default magic-button-disabled-no\" data-id=\"51997f71\" data-element_type=\"section\" data-e-type=\"section\">\n\t\t\t\t\t\t<div class=\"elementor-container elementor-column-gap-default\">\n\t\t\t\t\t<div class=\"elementor-column elementor-col-100 elementor-top-column elementor-element elementor-element-407a6e5b\" data-id=\"407a6e5b\" data-element_type=\"column\" data-e-type=\"column\">\n\t\t\t<div class=\"elementor-widget-wrap elementor-element-populated\">\n\t\t\t\t\t\t<div class=\"elementor-element elementor-element-29308cc elementor-widget elementor-widget-text-editor\" data-id=\"29308cc\" data-element_type=\"widget\" data-e-type=\"widget\" data-widget_type=\"text-editor.default\">\n\t\t\t\t<div class=\"elementor-widget-container\">\n\t\t\t\t\t\t\t\t\t<h3>Bienvenido a https:\/\/foundations.ac (el \u201cSitio\u201d)<\/h3><p>Entendemos que la privacidad en l\u00ednea es importante para los usuarios de nuestro Sitio, especialmente cuando realizan negocios. Esta declaraci\u00f3n rige nuestras pol\u00edticas de privacidad con respecto a aquellos usuarios del Sitio (&quot;Visitantes&quot;) que visitan sin realizar transacciones comerciales y Visitantes que se registran para realizar transacciones comerciales en el Sitio y hacen uso de los diversos servicios ofrecidos por FIAT (colectivamente, &quot;Servicios&quot; ) (\u201cClientes Autorizados\u201d).<\/p><h3>&quot;Informaci\u00f3n de identificaci\u00f3n personal&quot;<\/h3><p>se refiere a cualquier informaci\u00f3n que identifique o pueda usarse para identificar, contactar o ubicar a la persona a quien pertenece dicha informaci\u00f3n, incluidos, entre otros, nombre, direcci\u00f3n, n\u00famero de tel\u00e9fono, n\u00famero de fax, direcci\u00f3n de correo electr\u00f3nico, perfiles financieros, seguridad social n\u00famero e informaci\u00f3n de la tarjeta de cr\u00e9dito. La informaci\u00f3n de identificaci\u00f3n personal no incluye informaci\u00f3n que se recopila de forma an\u00f3nima (es decir, sin la identificaci\u00f3n del usuario individual) o informaci\u00f3n demogr\u00e1fica no relacionada con una persona identificada.<\/p><h3>\u00bfQu\u00e9 informaci\u00f3n de identificaci\u00f3n personal se recopila?<\/h3><p>Podemos recopilar informaci\u00f3n b\u00e1sica del perfil de usuario de todos nuestros Visitantes. Recopilamos la siguiente informaci\u00f3n adicional de nuestros Clientes autorizados: los nombres, direcciones, n\u00fameros de tel\u00e9fono y direcciones de correo electr\u00f3nico de los Clientes autorizados, la naturaleza y el tama\u00f1o de la empresa, y la naturaleza y el tama\u00f1o del inventario publicitario que el Cliente autorizado pretende comprar o vender.<\/p><h3>\u00bfQu\u00e9 organizaciones recopilan la informaci\u00f3n?<\/h3><p>Adem\u00e1s de nuestra recopilaci\u00f3n directa de informaci\u00f3n, nuestros proveedores de servicios externos (como compa\u00f1\u00edas de tarjetas de cr\u00e9dito, c\u00e1maras de compensaci\u00f3n y bancos) que pueden proporcionar servicios tales como servicios de cr\u00e9dito, seguros y dep\u00f3sito en garant\u00eda pueden recopilar esta informaci\u00f3n de nuestros Visitantes y Clientes autorizados. No controlamos c\u00f3mo estos terceros usan dicha informaci\u00f3n, pero les pedimos que divulguen c\u00f3mo usan la informaci\u00f3n personal que les proporcionan los Visitantes y los Clientes autorizados. Algunos de estos terceros pueden ser intermediarios que act\u00faan \u00fanicamente como eslabones en la cadena de distribuci\u00f3n y no almacenan, retienen ni utilizan la informaci\u00f3n que se les proporciona.<\/p><h3>\u00bfC\u00f3mo utiliza el Sitio la informaci\u00f3n de identificaci\u00f3n personal?<\/h3><p>Utilizamos informaci\u00f3n de identificaci\u00f3n personal para personalizar el sitio, realizar ofertas de servicios adecuadas y cumplir con las solicitudes de compra y venta en el sitio. Podemos enviar correos electr\u00f3nicos a los Visitantes y Clientes autorizados sobre investigaciones u oportunidades de compra y venta en el Sitio o informaci\u00f3n relacionada con el tema del Sitio. Tambi\u00e9n podemos usar informaci\u00f3n de identificaci\u00f3n personal para contactar a los visitantes y clientes autorizados en respuesta a consultas espec\u00edficas o para proporcionar la informaci\u00f3n solicitada.<\/p><h3>\u00bfCon qui\u00e9n se puede compartir la informaci\u00f3n?<\/h3><p>La informaci\u00f3n de identificaci\u00f3n personal sobre los Clientes autorizados se puede compartir con otros Clientes autorizados que deseen evaluar posibles transacciones con otros Clientes autorizados. Podemos compartir informaci\u00f3n agregada sobre nuestros Visitantes, incluidos los datos demogr\u00e1ficos de nuestros Visitantes y Clientes autorizados, con nuestras agencias afiliadas y proveedores externos. Tambi\u00e9n ofrecemos la oportunidad de &quot;optar por no recibir&quot; informaci\u00f3n o ser contactado por nosotros o por cualquier agencia que act\u00fae en nuestro nombre.<\/p><h3>\u00bfC\u00f3mo se almacena la informaci\u00f3n de identificaci\u00f3n personal?<\/h3><p>La informaci\u00f3n de identificaci\u00f3n personal recopilada por FIAT se almacena de forma segura y no es accesible para terceros o empleados de FIAT, excepto para el uso indicado anteriormente.<\/p><h3>\u00bfQu\u00e9 opciones est\u00e1n disponibles para los visitantes con respecto a la recopilaci\u00f3n, el uso y la distribuci\u00f3n de la informaci\u00f3n?<\/h3><p>Los visitantes y los Clientes autorizados pueden optar por no recibir informaci\u00f3n no solicitada o ser contactados por nosotros y\/o nuestros proveedores y agencias afiliadas respondiendo a los correos electr\u00f3nicos seg\u00fan las instrucciones, o comunic\u00e1ndose con nosotros en Sutherland School of Law, University College Dublin Belfield, Dublin 4, Irlanda.<\/p><h3>Galletas<\/h3><p>Una cookie es una cadena de informaci\u00f3n que un sitio web almacena en la computadora de un visitante y que el navegador del visitante proporciona al sitio web cada vez que el visitante regresa.<\/p><h3>\u00bfSe utilizan cookies en el sitio?<\/h3><p>Las cookies se utilizan por una variedad de razones. Utilizamos Cookies para obtener informaci\u00f3n sobre las preferencias de nuestros Visitantes y los servicios que seleccionan. Tambi\u00e9n utilizamos cookies con fines de seguridad para proteger a nuestros clientes autorizados. Por ejemplo, si un Cliente autorizado inicia sesi\u00f3n y el sitio no se utiliza durante m\u00e1s de 10 minutos, autom\u00e1ticamente cerraremos la sesi\u00f3n del Cliente autorizado. Los visitantes que no deseen que se coloquen cookies en sus computadoras deben configurar sus navegadores para que rechacen las cookies antes de usar https:\/\/foundations.ac, con el inconveniente de que ciertas caracter\u00edsticas del sitio web pueden no funcionar correctamente sin la ayuda de las cookies.<\/p><h3>Cookies utilizadas por nuestros proveedores de servicios<\/h3><p>Nuestros proveedores de servicios utilizan cookies y esas cookies pueden almacenarse en su computadora cuando visita nuestro sitio web. Puede encontrar m\u00e1s detalles sobre qu\u00e9 cookies se utilizan en nuestra p\u00e1gina de informaci\u00f3n de cookies.<\/p><h3>\u00bfC\u00f3mo utiliza FIAT la informaci\u00f3n de inicio de sesi\u00f3n?<\/h3><p>FIAT utiliza la informaci\u00f3n de inicio de sesi\u00f3n, que incluye, entre otros, direcciones IP, ISP y tipos de navegador, para analizar tendencias, administrar el Sitio, rastrear el movimiento y el uso de un usuario y recopilar informaci\u00f3n demogr\u00e1fica amplia.<\/p><h3>\u00bfQu\u00e9 socios o proveedores de servicios tienen acceso a la informaci\u00f3n de identificaci\u00f3n personal de los visitantes y\/o clientes autorizados en el sitio?<\/h3><p>FIAT ha entrado y seguir\u00e1 entrando en asociaciones y otras afiliaciones con una serie de proveedores. Dichos proveedores pueden tener acceso a cierta informaci\u00f3n de identificaci\u00f3n personal si necesitan conocer la base para evaluar la elegibilidad del servicio de los Clientes autorizados. Nuestra pol\u00edtica de privacidad no cubre su recopilaci\u00f3n o uso de esta informaci\u00f3n. Divulgaci\u00f3n de informaci\u00f3n de identificaci\u00f3n personal para cumplir con la ley. Divulgaremos informaci\u00f3n de identificaci\u00f3n personal para cumplir con una orden judicial o citaci\u00f3n o una solicitud de una agencia de aplicaci\u00f3n de la ley para divulgar informaci\u00f3n. Tambi\u00e9n divulgaremos informaci\u00f3n de identificaci\u00f3n personal cuando sea razonablemente necesario para proteger la seguridad de nuestros visitantes y clientes autorizados.<\/p><h3>\u00bfC\u00f3mo mantiene seguro el Sitio la informaci\u00f3n de identificaci\u00f3n personal?<\/h3><p>Todos nuestros empleados est\u00e1n familiarizados con nuestra pol\u00edtica y pr\u00e1cticas de seguridad. La informaci\u00f3n de identificaci\u00f3n personal de nuestros visitantes y clientes autorizados solo es accesible para un n\u00famero limitado de empleados calificados a quienes se les proporciona una contrase\u00f1a para poder acceder a la informaci\u00f3n. Auditamos nuestros sistemas y procesos de seguridad peri\u00f3dicamente. La informaci\u00f3n confidencial, como n\u00fameros de tarjetas de cr\u00e9dito o n\u00fameros de seguro social, est\u00e1 protegida por protocolos de encriptaci\u00f3n, implementados para proteger la informaci\u00f3n enviada a trav\u00e9s de Internet. Si bien tomamos medidas comercialmente razonables para mantener un sitio seguro, las comunicaciones electr\u00f3nicas y las bases de datos est\u00e1n sujetas a errores, manipulaciones e intrusiones, y no podemos garantizar que tales eventos no se llevar\u00e1n a cabo y no seremos responsables ante los Visitantes o Clientes autorizados para tales ocurrencias.<\/p><h3>\u00bfC\u00f3mo pueden los visitantes corregir cualquier imprecisi\u00f3n en la informaci\u00f3n de identificaci\u00f3n personal?<\/h3><p>Los visitantes y los clientes autorizados pueden comunicarse con nosotros para actualizar la informaci\u00f3n de identificaci\u00f3n personal sobre ellos o para corregir cualquier inexactitud envi\u00e1ndonos un correo electr\u00f3nico a deirdre.norris@ucd.ie<\/p><h3>\u00bfPuede un visitante eliminar o desactivar la informaci\u00f3n de identificaci\u00f3n personal recopilada por el sitio?<\/h3><p>Proporcionamos a los visitantes y clientes autorizados un mecanismo para eliminar\/desactivar la informaci\u00f3n de identificaci\u00f3n personal de la base de datos del sitio contactando. Sin embargo, debido a las copias de seguridad y los registros de eliminaciones, puede ser imposible eliminar la entrada de un Visitante sin conservar alguna informaci\u00f3n residual. Una persona que solicite que se desactive la informaci\u00f3n de identificaci\u00f3n personal, esta informaci\u00f3n se eliminar\u00e1 funcionalmente, y no venderemos, transferiremos ni utilizaremos la informaci\u00f3n de identificaci\u00f3n personal relacionada con esa persona de ninguna manera en el futuro.<\/p><h3>Tus derechos<\/h3><p>Estos son los derechos resumidos que tiene bajo la ley de protecci\u00f3n de datos<\/p><ul><li>El derecho de acceso<\/li><li>El derecho a la rectificaci\u00f3n<\/li><li>El derecho a borrar<\/li><li>El derecho a restringir el procesamiento<\/li><li>El derecho a oponerse al procesamiento<\/li><li>El derecho a la portabilidad de los datos<\/li><li>El derecho a reclamar ante una autoridad de control<\/li><li>El derecho a retirar el consentimiento<\/li><\/ul><h3>\u00bfQu\u00e9 sucede si la Pol\u00edtica de privacidad cambia?<\/h3><p>Informaremos a nuestros Visitantes y Clientes autorizados sobre los cambios en nuestra pol\u00edtica de privacidad mediante la publicaci\u00f3n de dichos cambios en el Sitio. Sin embargo, si cambiamos nuestra pol\u00edtica de privacidad de una manera que pueda causar la divulgaci\u00f3n de informaci\u00f3n de identificaci\u00f3n personal que un Visitante o Cliente autorizado ha solicitado previamente que no se divulgue, nos comunicaremos con dicho Visitante o Cliente autorizado para permitir que dicho Visitante o Cliente autorizado evite tal divulgaci\u00f3n.<\/p><h3>Enlaces:<\/h3><p>https:\/\/foundations.ac contiene enlaces a otros sitios web. Tenga en cuenta que cuando hace clic en uno de estos enlaces, se est\u00e1 moviendo a otro sitio web. Le recomendamos que lea las declaraciones de privacidad de estos sitios vinculados, ya que sus pol\u00edticas de privacidad pueden diferir de las nuestras.<\/p>\t\t\t\t\t\t\t\t<\/div>\n\t\t\t\t<\/div>\n\t\t\t\t\t<\/div>\n\t\t<\/div>\n\t\t\t\t\t<\/div>\n\t\t<\/section>\n\t\t\t\t<\/div>","protected":false},"excerpt":{"rendered":"<p>Welcome to https:\/\/foundations.ac (the &#8220;Site&#8221;) We understand that privacy online is important to users of our Site, especially when conducting business. This statement governs our privacy policies with respect to those users of the Site (&#8220;Visitors&#8221;) who visit without transacting business and Visitors who register to transact business on the Site and make use of [&hellip;]<\/p>\n","protected":false},"author":1,"featured_media":0,"parent":0,"menu_order":0,"comment_status":"closed","ping_status":"closed","template":"","meta":{"inline_featured_image":false,"_monsterinsights_skip_tracking":false,"_monsterinsights_sitenote_active":false,"_monsterinsights_sitenote_note":"","_monsterinsights_sitenote_category":0,"footnotes":""},"class_list":["post-159","page","type-page","status-publish","hentry"],"yoast_head":"<!-- This site is optimized with the Yoast SEO plugin v26.9 - https:\/\/yoast.com\/product\/yoast-seo-wordpress\/ -->\n<title>Privacy Policy - FIAT<\/title>\n<meta name=\"robots\" content=\"index, follow, max-snippet:-1, max-image-preview:large, max-video-preview:-1\" \/>\n<link rel=\"canonical\" href=\"https:\/\/foundations.ac\/es\/privacy-policy\/\" \/>\n<meta property=\"og:locale\" content=\"es_ES\" \/>\n<meta property=\"og:type\" content=\"article\" \/>\n<meta property=\"og:title\" content=\"Privacy Policy - FIAT\" \/>\n<meta property=\"og:description\" content=\"Welcome to https:\/\/foundations.ac (the &#8220;Site&#8221;) We understand that privacy online is important to users of our Site, especially when conducting business. This statement governs our privacy policies with respect to those users of the Site (&#8220;Visitors&#8221;) who visit without transacting business and Visitors who register to transact business on the Site and make use of [&hellip;]\" \/>\n<meta property=\"og:url\" content=\"https:\/\/foundations.ac\/es\/privacy-policy\/\" \/>\n<meta property=\"og:site_name\" content=\"FIAT\" \/>\n<meta property=\"article:modified_time\" content=\"2021-05-28T12:20:02+00:00\" \/>\n<meta name=\"twitter:card\" content=\"summary_large_image\" \/>\n<meta name=\"twitter:label1\" content=\"Tiempo de lectura\" \/>\n\t<meta name=\"twitter:data1\" content=\"6 minutos\" \/>\n<script type=\"application\/ld+json\" class=\"yoast-schema-graph\">{\"@context\":\"https:\/\/schema.org\",\"@graph\":[{\"@type\":\"WebPage\",\"@id\":\"https:\/\/foundations.ac\/privacy-policy\/\",\"url\":\"https:\/\/foundations.ac\/privacy-policy\/\",\"name\":\"Privacy Policy - FIAT\",\"isPartOf\":{\"@id\":\"https:\/\/foundations.ac\/#website\"},\"datePublished\":\"2021-03-09T11:40:21+00:00\",\"dateModified\":\"2021-05-28T12:20:02+00:00\",\"breadcrumb\":{\"@id\":\"https:\/\/foundations.ac\/privacy-policy\/#breadcrumb\"},\"inLanguage\":\"es\",\"potentialAction\":[{\"@type\":\"ReadAction\",\"target\":[\"https:\/\/foundations.ac\/privacy-policy\/\"]}]},{\"@type\":\"BreadcrumbList\",\"@id\":\"https:\/\/foundations.ac\/privacy-policy\/#breadcrumb\",\"itemListElement\":[{\"@type\":\"ListItem\",\"position\":1,\"name\":\"Home\",\"item\":\"https:\/\/foundations.ac\/en\/\"},{\"@type\":\"ListItem\",\"position\":2,\"name\":\"Privacy Policy\"}]},{\"@type\":\"WebSite\",\"@id\":\"https:\/\/foundations.ac\/#website\",\"url\":\"https:\/\/foundations.ac\/\",\"name\":\"FIAT\",\"description\":\"My WordPress Blog\",\"potentialAction\":[{\"@type\":\"SearchAction\",\"target\":{\"@type\":\"EntryPoint\",\"urlTemplate\":\"https:\/\/foundations.ac\/?s={search_term_string}\"},\"query-input\":{\"@type\":\"PropertyValueSpecification\",\"valueRequired\":true,\"valueName\":\"search_term_string\"}}],\"inLanguage\":\"es\"}]}<\/script>\n<!-- \/ Yoast SEO plugin. -->","yoast_head_json":{"title":"Pol\u00edtica de privacidad - FIAT","robots":{"index":"index","follow":"follow","max-snippet":"max-snippet:-1","max-image-preview":"max-image-preview:large","max-video-preview":"max-video-preview:-1"},"canonical":"https:\/\/foundations.ac\/es\/privacy-policy\/","og_locale":"es_ES","og_type":"article","og_title":"Privacy Policy - FIAT","og_description":"Welcome to https:\/\/foundations.ac (the &#8220;Site&#8221;) We understand that privacy online is important to users of our Site, especially when conducting business. This statement governs our privacy policies with respect to those users of the Site (&#8220;Visitors&#8221;) who visit without transacting business and Visitors who register to transact business on the Site and make use of [&hellip;]","og_url":"https:\/\/foundations.ac\/es\/privacy-policy\/","og_site_name":"FIAT","article_modified_time":"2021-05-28T12:20:02+00:00","twitter_card":"summary_large_image","twitter_misc":{"Tiempo de lectura":"6 minutos"},"schema":{"@context":"https:\/\/schema.org","@graph":[{"@type":"WebPage","@id":"https:\/\/foundations.ac\/privacy-policy\/","url":"https:\/\/foundations.ac\/privacy-policy\/","name":"Pol\u00edtica de privacidad - FIAT","isPartOf":{"@id":"https:\/\/foundations.ac\/#website"},"datePublished":"2021-03-09T11:40:21+00:00","dateModified":"2021-05-28T12:20:02+00:00","breadcrumb":{"@id":"https:\/\/foundations.ac\/privacy-policy\/#breadcrumb"},"inLanguage":"es","potentialAction":[{"@type":"ReadAction","target":["https:\/\/foundations.ac\/privacy-policy\/"]}]},{"@type":"BreadcrumbList","@id":"https:\/\/foundations.ac\/privacy-policy\/#breadcrumb","itemListElement":[{"@type":"ListItem","position":1,"name":"Home","item":"https:\/\/foundations.ac\/en\/"},{"@type":"ListItem","position":2,"name":"Privacy Policy"}]},{"@type":"WebSite","@id":"https:\/\/foundations.ac\/#website","url":"https:\/\/foundations.ac\/","name":"F\u00cdAT","description":"Mi blog de WordPress","potentialAction":[{"@type":"SearchAction","target":{"@type":"EntryPoint","urlTemplate":"https:\/\/foundations.ac\/?s={search_term_string}"},"query-input":{"@type":"PropertyValueSpecification","valueRequired":true,"valueName":"search_term_string"}}],"inLanguage":"es"}]}},"_links":{"self":[{"href":"https:\/\/foundations.ac\/es\/wp-json\/wp\/v2\/pages\/159","targetHints":{"allow":["GET"]}}],"collection":[{"href":"https:\/\/foundations.ac\/es\/wp-json\/wp\/v2\/pages"}],"about":[{"href":"https:\/\/foundations.ac\/es\/wp-json\/wp\/v2\/types\/page"}],"author":[{"embeddable":true,"href":"https:\/\/foundations.ac\/es\/wp-json\/wp\/v2\/users\/1"}],"replies":[{"embeddable":true,"href":"https:\/\/foundations.ac\/es\/wp-json\/wp\/v2\/comments?post=159"}],"version-history":[{"count":3,"href":"https:\/\/foundations.ac\/es\/wp-json\/wp\/v2\/pages\/159\/revisions"}],"predecessor-version":[{"id":464,"href":"https:\/\/foundations.ac\/es\/wp-json\/wp\/v2\/pages\/159\/revisions\/464"}],"wp:attachment":[{"href":"https:\/\/foundations.ac\/es\/wp-json\/wp\/v2\/media?parent=159"}],"curies":[{"name":"gracias","href":"https:\/\/api.w.org\/{rel}","templated":true}]}}