{"id":106,"date":"2021-02-09T15:59:41","date_gmt":"2021-02-09T15:59:41","guid":{"rendered":"https:\/\/foundations.ac\/maintenance\/"},"modified":"2021-02-09T15:59:41","modified_gmt":"2021-02-09T15:59:41","slug":"maintenance","status":"publish","type":"page","link":"https:\/\/foundations.ac\/hu\/maintenance\/","title":{"rendered":"Maintenance"},"content":{"rendered":"<div data-elementor-type=\"wp-page\" data-elementor-id=\"106\" class=\"elementor elementor-106\">\n\t\t\t\t\t\t<section class=\"elementor-section elementor-top-section elementor-element elementor-element-6ad3e40d elementor-section-boxed elementor-section-height-default elementor-section-height-default magic-button-disabled-no\" data-id=\"6ad3e40d\" data-element_type=\"section\" data-e-type=\"section\">\n\t\t\t\t\t\t<div class=\"elementor-container elementor-column-gap-default\">\n\t\t\t\t\t<div class=\"elementor-column elementor-col-100 elementor-top-column elementor-element elementor-element-fbf5c83\" data-id=\"fbf5c83\" data-element_type=\"column\" data-e-type=\"column\">\n\t\t\t<div class=\"elementor-widget-wrap elementor-element-populated\">\n\t\t\t\t\t\t<section class=\"elementor-section elementor-inner-section elementor-element elementor-element-7a1f150 elementor-section-boxed elementor-section-height-default elementor-section-height-default magic-button-disabled-no\" data-id=\"7a1f150\" data-element_type=\"section\" data-e-type=\"section\">\n\t\t\t\t\t\t<div class=\"elementor-container elementor-column-gap-default\">\n\t\t\t\t\t<div class=\"elementor-column elementor-col-16 elementor-inner-column elementor-element elementor-element-821b9bb elementor-hidden-phone\" data-id=\"821b9bb\" data-element_type=\"column\" data-e-type=\"column\">\n\t\t\t<div class=\"elementor-widget-wrap\">\n\t\t\t\t\t\t\t<\/div>\n\t\t<\/div>\n\t\t\t\t<div class=\"elementor-column elementor-col-66 elementor-inner-column elementor-element elementor-element-fa12220\" data-id=\"fa12220\" data-element_type=\"column\" data-e-type=\"column\">\n\t\t\t<div class=\"elementor-widget-wrap elementor-element-populated\">\n\t\t\t\t\t\t<div class=\"elementor-element elementor-element-3375a91 elementor-invisible elementor-widget elementor-widget-heading\" data-id=\"3375a91\" data-element_type=\"widget\" data-e-type=\"widget\" data-settings=\"{&quot;_animation&quot;:&quot;fadeInUp&quot;}\" data-widget_type=\"heading.default\">\n\t\t\t\t<div class=\"elementor-widget-container\">\n\t\t\t\t\t<h2 class=\"elementor-heading-title elementor-size-default\">Sajn\u00e1ljuk, jelenleg nem vagyunk \u00fctemezett karbantart\u00e1s miatt.<\/h2>\t\t\t\t<\/div>\n\t\t\t\t<\/div>\n\t\t\t\t\t<\/div>\n\t\t<\/div>\n\t\t\t\t<div class=\"elementor-column elementor-col-16 elementor-inner-column elementor-element elementor-element-22448fb elementor-hidden-phone\" data-id=\"22448fb\" data-element_type=\"column\" data-e-type=\"column\">\n\t\t\t<div class=\"elementor-widget-wrap\">\n\t\t\t\t\t\t\t<\/div>\n\t\t<\/div>\n\t\t\t\t\t<\/div>\n\t\t<\/section>\n\t\t\t\t<div class=\"elementor-element elementor-element-88f48ce elementor-invisible elementor-widget elementor-widget-image\" data-id=\"88f48ce\" data-element_type=\"widget\" data-e-type=\"widget\" data-settings=\"{&quot;_animation&quot;:&quot;fadeInUp&quot;,&quot;_animation_delay&quot;:100}\" data-widget_type=\"image.default\">\n\t\t\t\t<div class=\"elementor-widget-container\">\n\t\t\t\t\t\t\t\t\t\t\t\t\t\t\t<img fetchpriority=\"high\" decoding=\"async\" width=\"1400\" height=\"902\" src=\"https:\/\/foundations.ac\/wp-content\/uploads\/2021\/04\/web-app-maintenance.png\" class=\"attachment-full size-full wp-image-104\" alt=\"\" srcset=\"https:\/\/foundations.ac\/wp-content\/uploads\/2021\/04\/web-app-maintenance.png 1400w, https:\/\/foundations.ac\/wp-content\/uploads\/2021\/04\/web-app-maintenance-300x193.png 300w, https:\/\/foundations.ac\/wp-content\/uploads\/2021\/04\/web-app-maintenance-1024x660.png 1024w, https:\/\/foundations.ac\/wp-content\/uploads\/2021\/04\/web-app-maintenance-768x495.png 768w, https:\/\/foundations.ac\/wp-content\/uploads\/2021\/04\/web-app-maintenance-650x419.png 650w\" sizes=\"(max-width: 1400px) 100vw, 1400px\" \/>\t\t\t\t\t\t\t\t\t\t\t\t\t\t\t<\/div>\n\t\t\t\t<\/div>\n\t\t\t\t\t<\/div>\n\t\t<\/div>\n\t\t\t\t\t<\/div>\n\t\t<\/section>\n\t\t\t\t<\/div>","protected":false},"excerpt":{"rendered":"<p>Sorry, we&#8217;re down for scheduled maintenance right now.<\/p>","protected":false},"author":1,"featured_media":0,"parent":0,"menu_order":0,"comment_status":"closed","ping_status":"closed","template":"","meta":{"inline_featured_image":false,"_monsterinsights_skip_tracking":false,"_monsterinsights_sitenote_active":false,"_monsterinsights_sitenote_note":"","_monsterinsights_sitenote_category":0,"footnotes":""},"class_list":["post-106","page","type-page","status-publish","hentry"],"yoast_head":"<!-- This site is optimized with the Yoast SEO plugin v26.9 - https:\/\/yoast.com\/product\/yoast-seo-wordpress\/ -->\n<title>Maintenance - FIAT<\/title>\n<meta name=\"robots\" content=\"index, follow, max-snippet:-1, max-image-preview:large, max-video-preview:-1\" \/>\n<link rel=\"canonical\" href=\"https:\/\/foundations.ac\/hu\/maintenance\/\" \/>\n<meta property=\"og:locale\" content=\"hu_HU\" \/>\n<meta property=\"og:type\" content=\"article\" \/>\n<meta property=\"og:title\" content=\"Maintenance - FIAT\" \/>\n<meta property=\"og:description\" content=\"Sorry, we&#8217;re down for scheduled maintenance right now.\" \/>\n<meta property=\"og:url\" content=\"https:\/\/foundations.ac\/hu\/maintenance\/\" \/>\n<meta property=\"og:site_name\" content=\"FIAT\" \/>\n<meta property=\"og:image\" content=\"https:\/\/foundations.ac\/wp-content\/uploads\/2021\/04\/web-app-maintenance.png\" \/>\n<meta name=\"twitter:card\" content=\"summary_large_image\" \/>\n<script type=\"application\/ld+json\" class=\"yoast-schema-graph\">{\"@context\":\"https:\/\/schema.org\",\"@graph\":[{\"@type\":\"WebPage\",\"@id\":\"https:\/\/foundations.ac\/maintenance\/\",\"url\":\"https:\/\/foundations.ac\/maintenance\/\",\"name\":\"Maintenance - FIAT\",\"isPartOf\":{\"@id\":\"https:\/\/foundations.ac\/#website\"},\"primaryImageOfPage\":{\"@id\":\"https:\/\/foundations.ac\/maintenance\/#primaryimage\"},\"image\":{\"@id\":\"https:\/\/foundations.ac\/maintenance\/#primaryimage\"},\"thumbnailUrl\":\"https:\/\/foundations.ac\/wp-content\/uploads\/2021\/04\/web-app-maintenance.png\",\"datePublished\":\"2021-02-09T15:59:41+00:00\",\"breadcrumb\":{\"@id\":\"https:\/\/foundations.ac\/maintenance\/#breadcrumb\"},\"inLanguage\":\"hu\",\"potentialAction\":[{\"@type\":\"ReadAction\",\"target\":[\"https:\/\/foundations.ac\/maintenance\/\"]}]},{\"@type\":\"ImageObject\",\"inLanguage\":\"hu\",\"@id\":\"https:\/\/foundations.ac\/maintenance\/#primaryimage\",\"url\":\"https:\/\/foundations.ac\/wp-content\/uploads\/2021\/04\/web-app-maintenance.png\",\"contentUrl\":\"https:\/\/foundations.ac\/wp-content\/uploads\/2021\/04\/web-app-maintenance.png\"},{\"@type\":\"BreadcrumbList\",\"@id\":\"https:\/\/foundations.ac\/maintenance\/#breadcrumb\",\"itemListElement\":[{\"@type\":\"ListItem\",\"position\":1,\"name\":\"Home\",\"item\":\"https:\/\/foundations.ac\/en\/\"},{\"@type\":\"ListItem\",\"position\":2,\"name\":\"Maintenance\"}]},{\"@type\":\"WebSite\",\"@id\":\"https:\/\/foundations.ac\/#website\",\"url\":\"https:\/\/foundations.ac\/\",\"name\":\"FIAT\",\"description\":\"My WordPress Blog\",\"potentialAction\":[{\"@type\":\"SearchAction\",\"target\":{\"@type\":\"EntryPoint\",\"urlTemplate\":\"https:\/\/foundations.ac\/?s={search_term_string}\"},\"query-input\":{\"@type\":\"PropertyValueSpecification\",\"valueRequired\":true,\"valueName\":\"search_term_string\"}}],\"inLanguage\":\"hu\"}]}<\/script>\n<!-- \/ Yoast SEO plugin. -->","yoast_head_json":{"title":"Maintenance - FIAT","robots":{"index":"index","follow":"follow","max-snippet":"max-snippet:-1","max-image-preview":"max-image-preview:large","max-video-preview":"max-video-preview:-1"},"canonical":"https:\/\/foundations.ac\/hu\/maintenance\/","og_locale":"hu_HU","og_type":"article","og_title":"Maintenance - FIAT","og_description":"Sorry, we&#8217;re down for scheduled maintenance right now.","og_url":"https:\/\/foundations.ac\/hu\/maintenance\/","og_site_name":"FIAT","og_image":[{"url":"https:\/\/foundations.ac\/wp-content\/uploads\/2021\/04\/web-app-maintenance.png","type":"","width":"","height":""}],"twitter_card":"summary_large_image","schema":{"@context":"https:\/\/schema.org","@graph":[{"@type":"WebPage","@id":"https:\/\/foundations.ac\/maintenance\/","url":"https:\/\/foundations.ac\/maintenance\/","name":"Maintenance - FIAT","isPartOf":{"@id":"https:\/\/foundations.ac\/#website"},"primaryImageOfPage":{"@id":"https:\/\/foundations.ac\/maintenance\/#primaryimage"},"image":{"@id":"https:\/\/foundations.ac\/maintenance\/#primaryimage"},"thumbnailUrl":"https:\/\/foundations.ac\/wp-content\/uploads\/2021\/04\/web-app-maintenance.png","datePublished":"2021-02-09T15:59:41+00:00","breadcrumb":{"@id":"https:\/\/foundations.ac\/maintenance\/#breadcrumb"},"inLanguage":"hu","potentialAction":[{"@type":"ReadAction","target":["https:\/\/foundations.ac\/maintenance\/"]}]},{"@type":"ImageObject","inLanguage":"hu","@id":"https:\/\/foundations.ac\/maintenance\/#primaryimage","url":"https:\/\/foundations.ac\/wp-content\/uploads\/2021\/04\/web-app-maintenance.png","contentUrl":"https:\/\/foundations.ac\/wp-content\/uploads\/2021\/04\/web-app-maintenance.png"},{"@type":"BreadcrumbList","@id":"https:\/\/foundations.ac\/maintenance\/#breadcrumb","itemListElement":[{"@type":"ListItem","position":1,"name":"Home","item":"https:\/\/foundations.ac\/en\/"},{"@type":"ListItem","position":2,"name":"Maintenance"}]},{"@type":"WebSite","@id":"https:\/\/foundations.ac\/#website","url":"https:\/\/foundations.ac\/","name":"FIAT","description":"A WordPress blogom","potentialAction":[{"@type":"SearchAction","target":{"@type":"EntryPoint","urlTemplate":"https:\/\/foundations.ac\/?s={search_term_string}"},"query-input":{"@type":"PropertyValueSpecification","valueRequired":true,"valueName":"search_term_string"}}],"inLanguage":"hu"}]}},"_links":{"self":[{"href":"https:\/\/foundations.ac\/hu\/wp-json\/wp\/v2\/pages\/106","targetHints":{"allow":["GET"]}}],"collection":[{"href":"https:\/\/foundations.ac\/hu\/wp-json\/wp\/v2\/pages"}],"about":[{"href":"https:\/\/foundations.ac\/hu\/wp-json\/wp\/v2\/types\/page"}],"author":[{"embeddable":true,"href":"https:\/\/foundations.ac\/hu\/wp-json\/wp\/v2\/users\/1"}],"replies":[{"embeddable":true,"href":"https:\/\/foundations.ac\/hu\/wp-json\/wp\/v2\/comments?post=106"}],"version-history":[{"count":0,"href":"https:\/\/foundations.ac\/hu\/wp-json\/wp\/v2\/pages\/106\/revisions"}],"wp:attachment":[{"href":"https:\/\/foundations.ac\/hu\/wp-json\/wp\/v2\/media?parent=106"}],"curies":[{"name":"munkaf\u00fczet","href":"https:\/\/api.w.org\/{rel}","templated":true}]}}