{"id":158,"date":"2021-03-09T11:43:05","date_gmt":"2021-03-09T11:43:05","guid":{"rendered":"https:\/\/foundations.ac\/terms-conditions\/"},"modified":"2021-05-28T09:58:19","modified_gmt":"2021-05-28T09:58:19","slug":"terms-conditions","status":"publish","type":"page","link":"https:\/\/foundations.ac\/hu\/terms-conditions\/","title":{"rendered":"Felhaszn\u00e1l\u00e1si felt\u00e9telek"},"content":{"rendered":"<div data-elementor-type=\"wp-page\" data-elementor-id=\"158\" class=\"elementor elementor-158\">\n\t\t\t\t\t\t<section class=\"elementor-section elementor-top-section elementor-element elementor-element-4079386 elementor-section-boxed elementor-section-height-default elementor-section-height-default magic-button-disabled-no\" data-id=\"4079386\" data-element_type=\"section\" data-e-type=\"section\">\n\t\t\t\t\t\t<div class=\"elementor-container elementor-column-gap-default\">\n\t\t\t\t\t<div class=\"elementor-column elementor-col-100 elementor-top-column elementor-element elementor-element-72fc91ec\" data-id=\"72fc91ec\" data-element_type=\"column\" data-e-type=\"column\">\n\t\t\t<div class=\"elementor-widget-wrap elementor-element-populated\">\n\t\t\t\t\t\t<div class=\"elementor-element elementor-element-44c66f8 elementor-widget elementor-widget-text-editor\" data-id=\"44c66f8\" data-element_type=\"widget\" data-e-type=\"widget\" data-widget_type=\"text-editor.default\">\n\t\t\t\t<div class=\"elementor-widget-container\">\n\t\t\t\t\t\t\t\t\t<p>Ezek a Felt\u00e9telek szab\u00e1lyozz\u00e1k a FIAT (\u201emi\u201d, \u201emi\u201d vagy \u201emieink\u201d) \u00e1ltal \u00fczemeltetett https:\/\/foundations.ac webhelyen el\u00e9rhet\u0151 \u00f6sszes tartalomhoz, term\u00e9khez \u00e9s szolg\u00e1ltat\u00e1shoz (a \u201eSzolg\u00e1ltat\u00e1s\u201d) val\u00f3 hozz\u00e1f\u00e9r\u00e9st, azok haszn\u00e1lat\u00e1t.<\/p><p>A szolg\u00e1ltat\u00e1sainkhoz val\u00f3 hozz\u00e1f\u00e9r\u00e9se att\u00f3l f\u00fcgg, hogy \u00d6n m\u00f3dos\u00edt\u00e1s n\u00e9lk\u00fcl elfogadja az itt tal\u00e1lhat\u00f3 felt\u00e9teleket, valamint minden egy\u00e9b, k\u00f6zz\u00e9tett \u00e9s \u00e1ltalunk id\u0151r\u0151l id\u0151re k\u00f6zz\u00e9tehet\u0151 m\u0171k\u00f6d\u00e9si szab\u00e1lyzatot \u00e9s szab\u00e1lyzatot.<\/p><p>K\u00e9rj\u00fck, figyelmesen olvassa el a Szerz\u0151d\u00e9st, miel\u0151tt hozz\u00e1f\u00e9rne szolg\u00e1ltat\u00e1sainkhoz vagy ig\u00e9nybe veszi. Szolg\u00e1ltat\u00e1saink b\u00e1rmely r\u00e9sz\u00e9nek el\u00e9r\u00e9s\u00e9vel vagy haszn\u00e1lat\u00e1val \u00d6n beleegyezik a jelen Felt\u00e9telek betart\u00e1s\u00e1ba. Ha nem \u00e9rt egyet a Szerz\u0151d\u00e9s felt\u00e9teleinek b\u00e1rmely r\u00e9sz\u00e9vel, akkor nem \u00e9rheti el \u00e9s nem haszn\u00e1lhatja Szolg\u00e1ltat\u00e1sainkat.<\/p><h2>Szellemi tulajdon<\/h2><p>A Meg\u00e1llapod\u00e1s nem ruh\u00e1zza \u00e1t \u00d6nre t\u0151l\u00fcnk a mi\u00e9nk vagy harmadik f\u00e9l szellemi tulajdon\u00e1t, \u00e9s az ilyen tulajdonra vonatkoz\u00f3 minden jog, tulajdonjog \u00e9s \u00e9rdekelts\u00e9g (a felek k\u00f6z\u00f6tt) kiz\u00e1r\u00f3lag a FIAT-n\u00e1l \u00e9s licencad\u00f3in\u00e1l marad.<\/p><h3>Harmadik f\u00e9l szolg\u00e1ltat\u00e1sai<\/h3><p>A Szolg\u00e1ltat\u00e1sok haszn\u00e1lata sor\u00e1n harmadik f\u00e9lt\u0151l sz\u00e1rmaz\u00f3 szolg\u00e1ltat\u00e1sokat, term\u00e9keket, szoftvereket, be\u00e1gyaz\u00e1sokat vagy harmadik f\u00e9l \u00e1ltal fejlesztett alkalmaz\u00e1sokat haszn\u00e1lhat (\u201eHarmadik f\u00e9l szolg\u00e1ltat\u00e1sai\u201d).<\/p><p>Ha harmadik f\u00e9lt\u0151l sz\u00e1rmaz\u00f3 szolg\u00e1ltat\u00e1sokat vesz ig\u00e9nybe, tudom\u00e1sul veszi, hogy:<\/p><ul><li>Harmadik f\u00e9l szolg\u00e1ltat\u00e1s\u00e1nak b\u00e1rmilyen haszn\u00e1lata az \u00d6n saj\u00e1t kock\u00e1zat\u00e1ra t\u00f6rt\u00e9nik, \u00e9s nem v\u00e1llalunk felel\u0151ss\u00e9get vagy felel\u0151ss\u00e9get senki fel\u00e9 Harmadik f\u00e9l webhelyei\u00e9rt vagy szolg\u00e1ltat\u00e1sai\u00e9rt.<\/li><li>\u00d6n tudom\u00e1sul veszi \u00e9s elfogadja, hogy nem v\u00e1llalunk felel\u0151ss\u00e9get semmilyen olyan k\u00e1r\u00e9rt vagy vesztes\u00e9g\u00e9rt, amelyet az ilyen webhelyeken vagy szolg\u00e1ltat\u00e1sokon kereszt\u00fcl el\u00e9rhet\u0151 tartalom, \u00e1ruk vagy szolg\u00e1ltat\u00e1sok haszn\u00e1lata okozott vagy azzal \u00f6sszef\u00fcgg\u00e9sben okozott.<\/li><\/ul><h2>Fi\u00f3kok<\/h2><p>Ha Szolg\u00e1ltat\u00e1saink b\u00e1rmely r\u00e9sz\u00e9nek haszn\u00e1lat\u00e1hoz fi\u00f3kra van sz\u00fcks\u00e9g, \u00d6n beleegyezik abba, hogy teljes \u00e9s pontos inform\u00e1ci\u00f3kat ad nek\u00fcnk, amikor regisztr\u00e1l egy fi\u00f3kra.<\/p><p>Kiz\u00e1r\u00f3lag \u00d6n a felel\u0151s \u00e9s felel\u0151s minden olyan tev\u00e9kenys\u00e9g\u00e9rt, amely a fi\u00f3kj\u00e1ban t\u00f6rt\u00e9nik. \u00d6n felel\u0151s fi\u00f3kinform\u00e1ci\u00f3inak naprak\u00e9szen tart\u00e1s\u00e1\u00e9rt \u00e9s jelszav\u00e1nak biztons\u00e1g\u00e1\u00e9rt.<\/p><p>\u00d6n felel\u0151s a Szolg\u00e1ltat\u00e1shoz val\u00f3 hozz\u00e1f\u00e9r\u00e9shez haszn\u00e1lt fi\u00f3kja biztons\u00e1g\u00e1nak meg\u0151rz\u00e9s\u00e9\u00e9rt. Nem oszthatja meg hozz\u00e1f\u00e9r\u00e9si hiteles\u00edt\u0151 adatait, \u00e9s nem haszn\u00e1lhatja vissza azokat. \u00d6nnek halad\u00e9ktalanul \u00e9rtes\u00edtenie kell minket fi\u00f3kja b\u00e1rmely jogosulatlan haszn\u00e1lat\u00e1r\u00f3l, vagy a biztons\u00e1g b\u00e1rmely m\u00e1s megs\u00e9rt\u00e9s\u00e9r\u0151l val\u00f3 tudom\u00e1sunkra jut.<\/p><h2>Felmond\u00e1s<\/h2><p>B\u00e1rmikor, indokl\u00e1ssal vagy an\u00e9lk\u00fcl, azonnali hat\u00e1llyal, azonnali hat\u00e1llyal megsz\u00fcntethetj\u00fck vagy felf\u00fcggeszthetj\u00fck az \u00d6n hozz\u00e1f\u00e9r\u00e9s\u00e9t Szolg\u00e1ltat\u00e1sainkhoz vagy azok egy r\u00e9sz\u00e9hez.<\/p><p>Ha fel k\u00edv\u00e1nja mondani a Szerz\u0151d\u00e9st vagy FIAT-fi\u00f3kj\u00e1t, egyszer\u0171en megszak\u00edthatja Szolg\u00e1ltat\u00e1saink haszn\u00e1lat\u00e1t.<\/p><p>A Szerz\u0151d\u00e9s minden olyan rendelkez\u00e9se, amelynek term\u00e9szet\u00e9n\u00e9l fogva a felmond\u00e1st is fenn kell tartania, a felmond\u00e1s ut\u00e1n is fennmarad, bele\u00e9rtve \u2013 korl\u00e1toz\u00e1s n\u00e9lk\u00fcl \u2013 a tulajdonjogra vonatkoz\u00f3 rendelkez\u00e9seket, a garanci\u00e1lis felel\u0151ss\u00e9g kiz\u00e1r\u00e1s\u00e1t, a k\u00e1rtalan\u00edt\u00e1st \u00e9s a felel\u0151ss\u00e9g korl\u00e1toz\u00e1sait.<\/p><h2>Jogi nyilatkozat<\/h2><p>Szolg\u00e1ltat\u00e1sainkat \u201eAHOGY VAN\u201d ny\u00fajtjuk. \u00e9s \u201eAHOGY EL\u00c9RHET\u0150\u201d alapon. A FIAT \u00e9s besz\u00e1ll\u00edt\u00f3i \u00e9s licencad\u00f3i ezennel elh\u00e1r\u00edtanak mindennem\u0171 kifejezett vagy hallgat\u00f3lagos garanci\u00e1t, bele\u00e9rtve, korl\u00e1toz\u00e1s n\u00e9lk\u00fcl, az eladhat\u00f3s\u00e1gra, az adott c\u00e9lra val\u00f3 alkalmass\u00e1gra \u00e9s a jogs\u00e9rt\u00e9s hi\u00e1ny\u00e1ra vonatkoz\u00f3 garanci\u00e1kat. Sem a FIAT, sem besz\u00e1ll\u00edt\u00f3i \u00e9s licencad\u00f3i nem v\u00e1llalnak garanci\u00e1t arra, hogy Szolg\u00e1ltat\u00e1saink hibamentesek lesznek, illetve az azokhoz val\u00f3 hozz\u00e1f\u00e9r\u00e9s folyamatos vagy megszak\u00edt\u00e1s n\u00e9lk\u00fcl. \u00d6n tudom\u00e1sul veszi, hogy saj\u00e1t bel\u00e1t\u00e1sa szerint \u00e9s kock\u00e1zat\u00e1ra t\u00f6lt le a Szolg\u00e1ltat\u00e1sainkb\u00f3l, vagy m\u00e1s m\u00f3don szerez tartalmat vagy szolg\u00e1ltat\u00e1sokat azokon kereszt\u00fcl.<\/p><h3>Joghat\u00f3s\u00e1g \u00e9s alkalmazand\u00f3 jog<\/h3><p>Hacsak a vonatkoz\u00f3 jogszab\u00e1lyok m\u00e1sk\u00e9nt nem rendelkeznek, a Szerz\u0151d\u00e9sre \u00e9s a Szolg\u00e1ltat\u00e1sainkhoz val\u00f3 hozz\u00e1f\u00e9r\u00e9sre vagy azok haszn\u00e1lat\u00e1ra \u00cdrorsz\u00e1g t\u00f6rv\u00e9nyei az ir\u00e1nyad\u00f3k.<\/p><p>A Szerz\u0151d\u00e9sb\u0151l \u00e9s a Szolg\u00e1ltat\u00e1sainkhoz val\u00f3 hozz\u00e1f\u00e9r\u00e9sr\u0151l vagy azok haszn\u00e1lat\u00e1b\u00f3l ered\u0151 vagy azzal kapcsolatos vit\u00e1k megfelel\u0151 helysz\u00edne az \u00edrorsz\u00e1gi \u00e1llami \u00e9s sz\u00f6vets\u00e9gi b\u00edr\u00f3s\u00e1gok.<\/p><h2>V\u00e1ltoztat\u00e1sok<\/h2><p>A FIAT fenntartja mag\u00e1nak a jogot, hogy saj\u00e1t bel\u00e1t\u00e1sa szerint b\u00e1rmikor m\u00f3dos\u00edtsa vagy kicser\u00e9lje jelen Felt\u00e9teleket.<\/p><p>Ha l\u00e9nyeges v\u00e1ltoztat\u00e1sokat hajtunk v\u00e9gre, arr\u00f3l a honlapunkon t\u00f6rt\u00e9n\u0151 k\u00f6zz\u00e9t\u00e9tellel, e-mailben vagy egy\u00e9b k\u00f6zlem\u00e9nyben t\u00e1j\u00e9koztatjuk \u00d6nt a v\u00e1ltoztat\u00e1sok hat\u00e1lyba l\u00e9p\u00e9se el\u0151tt. Az \u00e9rtes\u00edt\u00e9sben \u00e9sszer\u0171 id\u0151tartamot hat\u00e1roznak meg, amely ut\u00e1n az \u00faj felt\u00e9telek hat\u00e1lyba l\u00e9pnek.<\/p><p>Ha nem \u00e9rt egyet a v\u00e1ltoztat\u00e1sainkkal, akkor a megadott felmond\u00e1si id\u0151n bel\u00fcl, vagy a v\u00e1ltoztat\u00e1sok hat\u00e1lyba l\u00e9p\u00e9s\u00e9t k\u00f6vet\u0151en abba kell hagynia Szolg\u00e1ltat\u00e1saink haszn\u00e1lat\u00e1t.<\/p><p>Szolg\u00e1ltat\u00e1saink tov\u00e1bbi haszn\u00e1lat\u00e1ra az \u00faj felt\u00e9telek vonatkoznak.<\/p>\t\t\t\t\t\t\t\t<\/div>\n\t\t\t\t<\/div>\n\t\t\t\t\t<\/div>\n\t\t<\/div>\n\t\t\t\t\t<\/div>\n\t\t<\/section>\n\t\t\t\t<\/div>","protected":false},"excerpt":{"rendered":"<p>These Terms govern your access to, usage of all content, Product and Services available at https:\/\/foundations.ac website (the \u201cService\u201d) operated by FIAT (\u201cus\u201d, \u201cwe\u201d, or \u201cour\u201d). Your access to our services are subject to your acceptance, without modification, of all of the terms and conditions contained herein and all other operating rules and policies published [&hellip;]<\/p>\n","protected":false},"author":1,"featured_media":0,"parent":0,"menu_order":0,"comment_status":"closed","ping_status":"closed","template":"","meta":{"inline_featured_image":false,"_monsterinsights_skip_tracking":false,"_monsterinsights_sitenote_active":false,"_monsterinsights_sitenote_note":"","_monsterinsights_sitenote_category":0,"footnotes":""},"class_list":["post-158","page","type-page","status-publish","hentry"],"yoast_head":"<!-- This site is optimized with the Yoast SEO plugin v26.9 - https:\/\/yoast.com\/product\/yoast-seo-wordpress\/ -->\n<title>Terms &amp; Conditions - FIAT<\/title>\n<meta name=\"robots\" content=\"index, follow, max-snippet:-1, max-image-preview:large, max-video-preview:-1\" \/>\n<link rel=\"canonical\" href=\"https:\/\/foundations.ac\/hu\/terms-conditions\/\" \/>\n<meta property=\"og:locale\" content=\"hu_HU\" \/>\n<meta property=\"og:type\" content=\"article\" \/>\n<meta property=\"og:title\" content=\"Terms &amp; Conditions - FIAT\" \/>\n<meta property=\"og:description\" content=\"These Terms govern your access to, usage of all content, Product and Services available at https:\/\/foundations.ac website (the \u201cService\u201d) operated by FIAT (\u201cus\u201d, \u201cwe\u201d, or \u201cour\u201d). Your access to our services are subject to your acceptance, without modification, of all of the terms and conditions contained herein and all other operating rules and policies published [&hellip;]\" \/>\n<meta property=\"og:url\" content=\"https:\/\/foundations.ac\/hu\/terms-conditions\/\" \/>\n<meta property=\"og:site_name\" content=\"FIAT\" \/>\n<meta property=\"article:modified_time\" content=\"2021-05-28T09:58:19+00:00\" \/>\n<meta name=\"twitter:card\" content=\"summary_large_image\" \/>\n<meta name=\"twitter:label1\" content=\"Becs\u00fclt olvas\u00e1si id\u0151\" \/>\n\t<meta name=\"twitter:data1\" content=\"4 perc\" \/>\n<script type=\"application\/ld+json\" class=\"yoast-schema-graph\">{\"@context\":\"https:\/\/schema.org\",\"@graph\":[{\"@type\":\"WebPage\",\"@id\":\"https:\/\/foundations.ac\/terms-conditions\/\",\"url\":\"https:\/\/foundations.ac\/terms-conditions\/\",\"name\":\"Terms & Conditions - FIAT\",\"isPartOf\":{\"@id\":\"https:\/\/foundations.ac\/#website\"},\"datePublished\":\"2021-03-09T11:43:05+00:00\",\"dateModified\":\"2021-05-28T09:58:19+00:00\",\"breadcrumb\":{\"@id\":\"https:\/\/foundations.ac\/terms-conditions\/#breadcrumb\"},\"inLanguage\":\"hu\",\"potentialAction\":[{\"@type\":\"ReadAction\",\"target\":[\"https:\/\/foundations.ac\/terms-conditions\/\"]}]},{\"@type\":\"BreadcrumbList\",\"@id\":\"https:\/\/foundations.ac\/terms-conditions\/#breadcrumb\",\"itemListElement\":[{\"@type\":\"ListItem\",\"position\":1,\"name\":\"Home\",\"item\":\"https:\/\/foundations.ac\/en\/\"},{\"@type\":\"ListItem\",\"position\":2,\"name\":\"Terms &#038; Conditions\"}]},{\"@type\":\"WebSite\",\"@id\":\"https:\/\/foundations.ac\/#website\",\"url\":\"https:\/\/foundations.ac\/\",\"name\":\"FIAT\",\"description\":\"My WordPress Blog\",\"potentialAction\":[{\"@type\":\"SearchAction\",\"target\":{\"@type\":\"EntryPoint\",\"urlTemplate\":\"https:\/\/foundations.ac\/?s={search_term_string}\"},\"query-input\":{\"@type\":\"PropertyValueSpecification\",\"valueRequired\":true,\"valueName\":\"search_term_string\"}}],\"inLanguage\":\"hu\"}]}<\/script>\n<!-- \/ Yoast SEO plugin. -->","yoast_head_json":{"title":"Felhaszn\u00e1l\u00e1si felt\u00e9telek - FIAT","robots":{"index":"index","follow":"follow","max-snippet":"max-snippet:-1","max-image-preview":"max-image-preview:large","max-video-preview":"max-video-preview:-1"},"canonical":"https:\/\/foundations.ac\/hu\/terms-conditions\/","og_locale":"hu_HU","og_type":"article","og_title":"Terms & Conditions - FIAT","og_description":"These Terms govern your access to, usage of all content, Product and Services available at https:\/\/foundations.ac website (the \u201cService\u201d) operated by FIAT (\u201cus\u201d, \u201cwe\u201d, or \u201cour\u201d). Your access to our services are subject to your acceptance, without modification, of all of the terms and conditions contained herein and all other operating rules and policies published [&hellip;]","og_url":"https:\/\/foundations.ac\/hu\/terms-conditions\/","og_site_name":"FIAT","article_modified_time":"2021-05-28T09:58:19+00:00","twitter_card":"summary_large_image","twitter_misc":{"Becs\u00fclt olvas\u00e1si id\u0151":"4 perc"},"schema":{"@context":"https:\/\/schema.org","@graph":[{"@type":"WebPage","@id":"https:\/\/foundations.ac\/terms-conditions\/","url":"https:\/\/foundations.ac\/terms-conditions\/","name":"Felhaszn\u00e1l\u00e1si felt\u00e9telek - FIAT","isPartOf":{"@id":"https:\/\/foundations.ac\/#website"},"datePublished":"2021-03-09T11:43:05+00:00","dateModified":"2021-05-28T09:58:19+00:00","breadcrumb":{"@id":"https:\/\/foundations.ac\/terms-conditions\/#breadcrumb"},"inLanguage":"hu","potentialAction":[{"@type":"ReadAction","target":["https:\/\/foundations.ac\/terms-conditions\/"]}]},{"@type":"BreadcrumbList","@id":"https:\/\/foundations.ac\/terms-conditions\/#breadcrumb","itemListElement":[{"@type":"ListItem","position":1,"name":"Home","item":"https:\/\/foundations.ac\/en\/"},{"@type":"ListItem","position":2,"name":"Terms &#038; Conditions"}]},{"@type":"WebSite","@id":"https:\/\/foundations.ac\/#website","url":"https:\/\/foundations.ac\/","name":"FIAT","description":"A WordPress blogom","potentialAction":[{"@type":"SearchAction","target":{"@type":"EntryPoint","urlTemplate":"https:\/\/foundations.ac\/?s={search_term_string}"},"query-input":{"@type":"PropertyValueSpecification","valueRequired":true,"valueName":"search_term_string"}}],"inLanguage":"hu"}]}},"_links":{"self":[{"href":"https:\/\/foundations.ac\/hu\/wp-json\/wp\/v2\/pages\/158","targetHints":{"allow":["GET"]}}],"collection":[{"href":"https:\/\/foundations.ac\/hu\/wp-json\/wp\/v2\/pages"}],"about":[{"href":"https:\/\/foundations.ac\/hu\/wp-json\/wp\/v2\/types\/page"}],"author":[{"embeddable":true,"href":"https:\/\/foundations.ac\/hu\/wp-json\/wp\/v2\/users\/1"}],"replies":[{"embeddable":true,"href":"https:\/\/foundations.ac\/hu\/wp-json\/wp\/v2\/comments?post=158"}],"version-history":[{"count":3,"href":"https:\/\/foundations.ac\/hu\/wp-json\/wp\/v2\/pages\/158\/revisions"}],"predecessor-version":[{"id":468,"href":"https:\/\/foundations.ac\/hu\/wp-json\/wp\/v2\/pages\/158\/revisions\/468"}],"wp:attachment":[{"href":"https:\/\/foundations.ac\/hu\/wp-json\/wp\/v2\/media?parent=158"}],"curies":[{"name":"munkaf\u00fczet","href":"https:\/\/api.w.org\/{rel}","templated":true}]}}