{"id":159,"date":"2021-03-09T11:40:21","date_gmt":"2021-03-09T11:40:21","guid":{"rendered":"https:\/\/foundations.ac\/privacy-policy-2\/"},"modified":"2021-05-28T12:20:02","modified_gmt":"2021-05-28T12:20:02","slug":"privacy-policy","status":"publish","type":"page","link":"https:\/\/foundations.ac\/hu\/privacy-policy\/","title":{"rendered":"Adatv\u00e9delmi ir\u00e1nyelvek"},"content":{"rendered":"<div data-elementor-type=\"wp-page\" data-elementor-id=\"159\" class=\"elementor elementor-159\">\n\t\t\t\t\t\t<section class=\"elementor-section elementor-top-section elementor-element elementor-element-51997f71 elementor-section-boxed elementor-section-height-default elementor-section-height-default magic-button-disabled-no\" data-id=\"51997f71\" data-element_type=\"section\" data-e-type=\"section\">\n\t\t\t\t\t\t<div class=\"elementor-container elementor-column-gap-default\">\n\t\t\t\t\t<div class=\"elementor-column elementor-col-100 elementor-top-column elementor-element elementor-element-407a6e5b\" data-id=\"407a6e5b\" data-element_type=\"column\" data-e-type=\"column\">\n\t\t\t<div class=\"elementor-widget-wrap elementor-element-populated\">\n\t\t\t\t\t\t<div class=\"elementor-element elementor-element-29308cc elementor-widget elementor-widget-text-editor\" data-id=\"29308cc\" data-element_type=\"widget\" data-e-type=\"widget\" data-widget_type=\"text-editor.default\">\n\t\t\t\t<div class=\"elementor-widget-container\">\n\t\t\t\t\t\t\t\t\t<h3>\u00dcdv\u00f6z\u00f6lj\u00fck a https:\/\/foundations.ac oldalon (a \u201eWebhely\u201d)<\/h3><p>Meg\u00e9rtj\u00fck, hogy az online adatv\u00e9delem fontos webhely\u00fcnk felhaszn\u00e1l\u00f3i sz\u00e1m\u00e1ra, k\u00fcl\u00f6n\u00f6sen \u00fczleti tev\u00e9kenys\u00e9g sor\u00e1n. Ez a nyilatkozat szab\u00e1lyozza adatv\u00e9delmi ir\u00e1nyelveinket a Webhely azon felhaszn\u00e1l\u00f3ira (\u201eL\u00e1togat\u00f3k\u201d) vonatkoz\u00f3an, akik \u00fczleti tranzakci\u00f3 n\u00e9lk\u00fcl l\u00e1togatnak el, valamint azokra a L\u00e1togat\u00f3kra, akik regisztr\u00e1lnak \u00fczleti tranzakci\u00f3k lebonyol\u00edt\u00e1s\u00e1ra az Oldalon, \u00e9s ig\u00e9nybe veszik a FIAT \u00e1ltal k\u00edn\u00e1lt k\u00fcl\u00f6nf\u00e9le szolg\u00e1ltat\u00e1sokat (egy\u00fcttesen: \u201eSzolg\u00e1ltat\u00e1sok\u201d ) (\u201eJogosult \u00fcgyfelek\u201d).<\/p><h3>\u201eSzem\u00e9lyazonos\u00edt\u00e1sra alkalmas adatok\u201d<\/h3><p>minden olyan inform\u00e1ci\u00f3ra utal, amely azonos\u00edtja vagy felhaszn\u00e1lhat\u00f3 annak a szem\u00e9lynek az azonos\u00edt\u00e1s\u00e1ra, kapcsolatfelv\u00e9telre vagy lokaliz\u00e1l\u00e1s\u00e1ra, akire ezek az inform\u00e1ci\u00f3k vonatkoznak, bele\u00e9rtve, de nem kiz\u00e1r\u00f3lagosan, a nevet, c\u00edmet, telefonsz\u00e1mot, faxsz\u00e1mot, e-mail c\u00edmet, p\u00e9nz\u00fcgyi profilokat, t\u00e1rsadalombiztos\u00edt\u00e1st sz\u00e1mot \u00e9s hitelk\u00e1rtyaadatokat. A szem\u00e9lyazonos\u00edt\u00e1sra alkalmas adatok nem tartalmaznak olyan inform\u00e1ci\u00f3kat, amelyeket n\u00e9vtelen\u00fcl gy\u0171jtenek (azaz az egy\u00e9ni felhaszn\u00e1l\u00f3 azonos\u00edt\u00e1sa n\u00e9lk\u00fcl), sem a demogr\u00e1fiai adatokat, amelyek nem kapcsol\u00f3dnak azonos\u00edtott egy\u00e9nhez.<\/p><h3>Milyen szem\u00e9lyazonos\u00edt\u00e1sra alkalmas adatokat gy\u0171jtenek?<\/h3><p>Gy\u0171jthet\u00fcnk alapvet\u0151 felhaszn\u00e1l\u00f3i profiladatokat minden L\u00e1togat\u00f3nkt\u00f3l. Meghatalmazott \u00dcgyfeleinkt\u0151l a k\u00f6vetkez\u0151 kieg\u00e9sz\u00edt\u0151 inform\u00e1ci\u00f3kat gy\u0171jtj\u00fck: a Jogosult \u00dcgyfelek neve, c\u00edme, telefonsz\u00e1ma \u00e9s e-mail c\u00edme, a v\u00e1llalkoz\u00e1s jellege \u00e9s m\u00e9rete, valamint a Meghatalmazott \u00dcgyf\u00e9l \u00e1ltal megv\u00e1s\u00e1rolni k\u00edv\u00e1nt hirdet\u00e9si k\u00e9szlet jellege \u00e9s m\u00e9rete, ill. elad.<\/p><h3>Milyen szervezetek gy\u0171jtik az inform\u00e1ci\u00f3kat?<\/h3><p>K\u00f6zvetlen inform\u00e1ci\u00f3gy\u0171jt\u00e9s\u00fcnk\u00f6n k\u00edv\u00fcl harmadik f\u00e9l szolg\u00e1ltat\u00f3ink (p\u00e9ld\u00e1ul hitelk\u00e1rtya-t\u00e1rsas\u00e1gok, elsz\u00e1mol\u00f3h\u00e1zak \u00e9s bankok), akik olyan szolg\u00e1ltat\u00e1sokat ny\u00fajthatnak, mint a hitel-, biztos\u00edt\u00e1si \u00e9s let\u00e9ti szolg\u00e1ltat\u00e1sok, begy\u0171jthetik ezeket az inform\u00e1ci\u00f3kat L\u00e1togat\u00f3inkt\u00f3l \u00e9s Meghatalmazott \u00dcgyfeleinkt\u0151l. Nem ellen\u0151rizz\u00fck, hogy ezek a harmadik felek hogyan haszn\u00e1lj\u00e1k fel ezeket az inform\u00e1ci\u00f3kat, de arra k\u00e9rj\u00fck \u0151ket, hogy k\u00f6z\u00f6lj\u00e9k, hogyan haszn\u00e1lj\u00e1k fel a L\u00e1togat\u00f3kt\u00f3l \u00e9s Jogosult \u00dcgyfelekt\u0151l kapott szem\u00e9lyes adatokat. Ezen harmadik felek n\u00e9melyike k\u00f6zvet\u00edt\u0151 lehet, amely kiz\u00e1r\u00f3lag a terjeszt\u00e9si l\u00e1nc l\u00e1ncszemeik\u00e9nt m\u0171k\u00f6dik, \u00e9s nem t\u00e1rolja, nem tartja meg \u00e9s nem haszn\u00e1lja fel a nekik adott inform\u00e1ci\u00f3kat.<\/p><h3>Hogyan haszn\u00e1l a webhely a szem\u00e9lyazonos\u00edt\u00e1sra alkalmas adatokat?<\/h3><p>Szem\u00e9lyazonos\u00edt\u00e1sra alkalmas adatokat haszn\u00e1lunk a Webhely testreszab\u00e1s\u00e1hoz, a megfelel\u0151 szolg\u00e1ltat\u00e1si aj\u00e1nlatok elk\u00e9sz\u00edt\u00e9s\u00e9hez, valamint a webhelyen t\u00f6rt\u00e9n\u0151 v\u00e9teli \u00e9s elad\u00e1si k\u00e9r\u00e9sek teljes\u00edt\u00e9s\u00e9hez. E-mailt k\u00fcldhet\u00fcnk a L\u00e1togat\u00f3knak \u00e9s a Meghatalmazott \u00dcgyfeleknek a Webhelyen tal\u00e1lhat\u00f3 kutat\u00e1si vagy v\u00e1s\u00e1rl\u00e1si \u00e9s elad\u00e1si lehet\u0151s\u00e9gekr\u0151l, illetve a Webhely t\u00e1rgy\u00e1val kapcsolatos inform\u00e1ci\u00f3kr\u00f3l. Szem\u00e9lyazonos\u00edt\u00e1sra alkalmas adatokat arra is haszn\u00e1lhatunk, hogy konkr\u00e9t megkeres\u00e9sekre v\u00e1laszolva felvegy\u00fck a kapcsolatot a l\u00e1togat\u00f3kkal \u00e9s a felhatalmazott \u00fcgyfelekkel, vagy megadjuk a k\u00e9rt inform\u00e1ci\u00f3kat.<\/p><h3>Kivel oszthat\u00f3 meg az inform\u00e1ci\u00f3?<\/h3><p>A Meghatalmazott \u00dcgyfelekkel kapcsolatos szem\u00e9lyazonos\u00edt\u00e1sra alkalmas adatok megoszthat\u00f3k m\u00e1s Meghatalmazott \u00dcgyfelekkel, akik \u00e9rt\u00e9kelni k\u00edv\u00e1nj\u00e1k a lehets\u00e9ges tranzakci\u00f3kat m\u00e1s Jogosult \u00dcgyfelekkel. Megoszthatjuk a l\u00e1togat\u00f3inkkal kapcsolatos \u00f6sszes\u00edtett inform\u00e1ci\u00f3kat, ide\u00e9rtve l\u00e1togat\u00f3ink \u00e9s felhatalmazott \u00fcgyfeleink demogr\u00e1fiai adatait, kapcsolt \u00fcgyn\u00f6ks\u00e9geinkkel \u00e9s harmadik f\u00e9l sz\u00e1ll\u00edt\u00f3inkkal. Lehet\u0151s\u00e9get k\u00edn\u00e1lunk arra is, hogy \u201eleiratkozzon\u201d az inform\u00e1ci\u00f3k fogad\u00e1s\u00e1r\u00f3l, illetve arr\u00f3l, hogy mi vagy b\u00e1rmely, a nev\u00fcnkben elj\u00e1r\u00f3 \u00fcgyn\u00f6ks\u00e9g kapcsolatba l\u00e9phessen vel\u00fcnk.<\/p><h3>Hogyan t\u00e1rolj\u00e1k a szem\u00e9lyazonos\u00edt\u00e1sra alkalmas adatokat?<\/h3><p>A FIAT \u00e1ltal gy\u0171jt\u00f6tt szem\u00e9lyazonos\u00edt\u00e1sra alkalmas adatokat biztons\u00e1gosan t\u00e1rolj\u00e1k, \u00e9s harmadik felek vagy a FIAT alkalmazottai nem f\u00e9rhetnek hozz\u00e1, kiv\u00e9ve a fent jelzett felhaszn\u00e1l\u00e1st.<\/p><h3>Milyen v\u00e1laszt\u00e1si lehet\u0151s\u00e9gek \u00e1llnak a L\u00e1togat\u00f3k rendelkez\u00e9s\u00e9re az inform\u00e1ci\u00f3k gy\u0171jt\u00e9se, felhaszn\u00e1l\u00e1sa \u00e9s terjeszt\u00e9se tekintet\u00e9ben?<\/h3><p>A l\u00e1togat\u00f3k \u00e9s a felhatalmazott v\u00e1s\u00e1rl\u00f3k leiratkozhatnak arr\u00f3l, hogy k\u00e9retlen inform\u00e1ci\u00f3kat kapjanak t\u0151l\u00fcnk \u00e9s\/vagy sz\u00e1ll\u00edt\u00f3inkt\u00f3l \u00e9s kapcsolt \u00fcgyn\u00f6ks\u00e9geinkt\u0151l, illetve hogy t\u0151l\u00fcnk \u00e9s\/vagy besz\u00e1ll\u00edt\u00f3inkt\u00f3l \u00e9s kapcsolt \u00fcgyn\u00f6ks\u00e9geinkt\u0151l megkeressenek benn\u00fcnket, ha az utas\u00edt\u00e1soknak megfelel\u0151en v\u00e1laszolnak e-mailekre, vagy kapcsolatba l\u00e9pnek vel\u00fcnk a Sutherland School of Law, University College Dublin Belfield, Dublin 4, \u00cdrorsz\u00e1g.<\/p><h3>Cookie-k<\/h3><p>A cookie egy olyan inform\u00e1ci\u00f3sor, amelyet a webhely a l\u00e1togat\u00f3 sz\u00e1m\u00edt\u00f3g\u00e9p\u00e9n t\u00e1rol, \u00e9s amelyet a l\u00e1togat\u00f3 b\u00f6ng\u00e9sz\u0151je minden alkalommal, amikor a l\u00e1togat\u00f3 visszat\u00e9r, a webhely sz\u00e1m\u00e1ra biztos\u00edt.<\/p><h3>Haszn\u00e1lnak s\u00fctiket a webhelyen?<\/h3><p>A s\u00fctiket t\u00f6bbf\u00e9le okb\u00f3l haszn\u00e1ljuk. Cookie-kat haszn\u00e1lunk, hogy inform\u00e1ci\u00f3kat szerezz\u00fcnk L\u00e1togat\u00f3ink preferenci\u00e1ir\u00f3l \u00e9s az \u00e1ltaluk v\u00e1lasztott szolg\u00e1ltat\u00e1sokr\u00f3l. Biztons\u00e1gi okokb\u00f3l cookie-kat is haszn\u00e1lunk Jogosult \u00dcgyfeleink v\u00e9delme \u00e9rdek\u00e9ben. P\u00e9ld\u00e1ul, ha egy Meghatalmazott \u00dcgyf\u00e9l be van jelentkezve, \u00e9s a webhelyet t\u00f6bb mint 10 percig nem haszn\u00e1lj\u00e1k, automatikusan kijelentkezz\u00fck a Meghatalmazott \u00dcgyfelet. Azok a l\u00e1togat\u00f3k, akik nem szeretn\u00e9nek cookie-kat elhelyezni a sz\u00e1m\u00edt\u00f3g\u00e9p\u00fck\u00f6n, a https:\/\/foundations.ac haszn\u00e1lata el\u0151tt \u00e1ll\u00edts\u00e1k be b\u00f6ng\u00e9sz\u0151j\u00fcket a cookie-k elutas\u00edt\u00e1s\u00e1ra, azzal a h\u00e1tr\u00e1nnyal, hogy a weboldal bizonyos funkci\u00f3i nem m\u0171k\u00f6dnek megfelel\u0151en a cookie-k n\u00e9lk\u00fcl.<\/p><h3>Szolg\u00e1ltat\u00f3ink \u00e1ltal haszn\u00e1lt s\u00fctik<\/h3><p>Szolg\u00e1ltat\u00f3ink cookie-kat haszn\u00e1lnak, \u00e9s ezek a cookie-k t\u00e1rol\u00e1sra ker\u00fclhetnek az \u00d6n sz\u00e1m\u00edt\u00f3g\u00e9p\u00e9n, amikor megl\u00e1togatja weboldalunkat. A haszn\u00e1lt cookie-kr\u00f3l tov\u00e1bbi r\u00e9szleteket a s\u00fctikkel kapcsolatos inform\u00e1ci\u00f3s oldalon tal\u00e1l.<\/p><h3>Hogyan haszn\u00e1lja a FIAT a bejelentkez\u00e9si inform\u00e1ci\u00f3kat?<\/h3><p>A FIAT a bejelentkez\u00e9si inform\u00e1ci\u00f3kat, t\u00f6bbek k\u00f6z\u00f6tt az IP-c\u00edmeket, az internetszolg\u00e1ltat\u00f3kat \u00e9s a b\u00f6ng\u00e9sz\u0151t\u00edpusokat haszn\u00e1lja fel a trendek elemz\u00e9s\u00e9re, a Webhely adminisztr\u00e1l\u00e1s\u00e1ra, a felhaszn\u00e1l\u00f3 mozg\u00e1s\u00e1nak \u00e9s haszn\u00e1lat\u00e1nak nyomon k\u00f6vet\u00e9s\u00e9re, valamint sz\u00e9les k\u00f6r\u0171 demogr\u00e1fiai inform\u00e1ci\u00f3k gy\u0171jt\u00e9s\u00e9re.<\/p><h3>Mely partnerek vagy szolg\u00e1ltat\u00f3k f\u00e9rhetnek hozz\u00e1 a l\u00e1togat\u00f3kt\u00f3l \u00e9s\/vagy felhatalmazott \u00fcgyfelekt\u0151l sz\u00e1rmaz\u00f3 szem\u00e9lyazonos\u00edt\u00e1sra alkalmas adatokhoz az oldalon?<\/h3><p>A FIAT sz\u00e1mos sz\u00e1ll\u00edt\u00f3val k\u00f6t\u00f6tt \u00e9s folytat partners\u00e9gi \u00e9s egy\u00e9b kapcsolatokat. Az ilyen szolg\u00e1ltat\u00f3k hozz\u00e1f\u00e9rhetnek bizonyos szem\u00e9lyazonos\u00edt\u00e1sra alkalmas adatokhoz, ha tudniuk kell, hogy mi alapj\u00e1n \u00e9rt\u00e9kelik a felhatalmazott \u00fcgyfeleket a szolg\u00e1ltat\u00e1sra val\u00f3 jogosults\u00e1g tekintet\u00e9ben. Adatv\u00e9delmi szab\u00e1lyzatunk nem terjed ki ezen inform\u00e1ci\u00f3k gy\u0171jt\u00e9s\u00e9re vagy felhaszn\u00e1l\u00e1s\u00e1ra. Szem\u00e9lyazonos\u00edt\u00e1sra alkalmas adatok k\u00f6zz\u00e9t\u00e9tele a t\u00f6rv\u00e9nynek val\u00f3 megfelel\u00e9s \u00e9rdek\u00e9ben. Szem\u00e9lyazonos\u00edt\u00e1sra alkalmas adatokat fogunk nyilv\u00e1noss\u00e1gra hozni annak \u00e9rdek\u00e9ben, hogy eleget tegy\u00fcnk egy b\u00edr\u00f3s\u00e1gi v\u00e9gz\u00e9snek vagy id\u00e9z\u00e9snek, vagy egy b\u0171n\u00fcld\u00f6z\u0151 szervt\u0151l az inform\u00e1ci\u00f3 kiad\u00e1s\u00e1ra ir\u00e1nyul\u00f3 k\u00e9r\u00e9snek. Szem\u00e9lyazonos\u00edt\u00e1sra alkalmas adatokat is nyilv\u00e1noss\u00e1gra hozunk, ha \u00e9sszer\u0171en sz\u00fcks\u00e9ges l\u00e1togat\u00f3ink \u00e9s felhatalmazott v\u00e1s\u00e1rl\u00f3ink biztons\u00e1g\u00e1nak v\u00e9delme \u00e9rdek\u00e9ben.<\/p><h3>Hogyan tartja biztons\u00e1gban a webhely a szem\u00e9lyazonos\u00edt\u00e1sra alkalmas adatokat?<\/h3><p>Minden alkalmazottunk ismeri biztons\u00e1gi szab\u00e1lyzatunkat \u00e9s gyakorlatunkat. L\u00e1togat\u00f3ink \u00e9s Jogosult \u00dcgyfeleink szem\u00e9lyazonos\u00edt\u00e1sra alkalmas adataihoz csak korl\u00e1tozott sz\u00e1m\u00fa szakk\u00e9pzett alkalmazott f\u00e9r hozz\u00e1, akik jelsz\u00f3t kapnak az inform\u00e1ci\u00f3khoz val\u00f3 hozz\u00e1f\u00e9r\u00e9shez. Rendszeresen audit\u00e1ljuk biztons\u00e1gi rendszereinket \u00e9s folyamatainkat. Az \u00e9rz\u00e9keny inform\u00e1ci\u00f3kat, p\u00e9ld\u00e1ul a hitelk\u00e1rtyasz\u00e1mokat vagy a t\u00e1rsadalombiztos\u00edt\u00e1si sz\u00e1mokat titkos\u00edt\u00e1si protokollok v\u00e9dik, amelyek az interneten kereszt\u00fcl k\u00fcld\u00f6tt inform\u00e1ci\u00f3kat v\u00e9dik. Noha \u00fczletileg \u00e9sszer\u0171 int\u00e9zked\u00e9seket tesz\u00fcnk a biztons\u00e1gos oldal fenntart\u00e1sa \u00e9rdek\u00e9ben, az elektronikus kommunik\u00e1ci\u00f3 \u00e9s adatb\u00e1zisok hib\u00e1knak, manipul\u00e1ci\u00f3knak \u00e9s bet\u00f6r\u00e9seknek vannak kit\u00e9ve, \u00e9s nem tudjuk garant\u00e1lni vagy garant\u00e1lni, hogy ilyen esem\u00e9nyek nem fognak bek\u00f6vetkezni, \u00e9s nem v\u00e1llalunk felel\u0151ss\u00e9get a L\u00e1togat\u00f3kkal, ill. Meghatalmazott \u00dcgyfelek minden ilyen esetre.<\/p><h3>Hogyan jav\u00edthatj\u00e1k ki a l\u00e1togat\u00f3k a szem\u00e9lyazonos\u00edt\u00e1sra alkalmas adatok pontatlans\u00e1g\u00e1t?<\/h3><p>A l\u00e1togat\u00f3k \u00e9s a felhatalmazott \u00fcgyfelek kapcsolatba l\u00e9phetnek vel\u00fcnk a szem\u00e9lyazonos\u00edt\u00e1sra alkalmas adatok friss\u00edt\u00e9se vagy a pontatlans\u00e1gok kijav\u00edt\u00e1sa \u00e9rdek\u00e9ben a deirdre.norris@ucd.ie e-mail c\u00edmen.<\/p><h3>T\u00f6r\u00f6lheti vagy deaktiv\u00e1lhatja a L\u00e1togat\u00f3 az Oldal \u00e1ltal gy\u0171jt\u00f6tt szem\u00e9lyazonos\u00edt\u00e1sra alkalmas adatokat?<\/h3><p>A L\u00e1togat\u00f3k \u00e9s a Meghatalmazott \u00dcgyfelek sz\u00e1m\u00e1ra egy olyan mechanizmust biztos\u00edtunk, amellyel t\u00f6r\u00f6lhetik\/inaktiv\u00e1lhatj\u00e1k a Szem\u00e9lyazonos\u00edt\u00e1sra alkalmas adatokat a Webhely adatb\u00e1zis\u00e1b\u00f3l a kapcsolatfelv\u00e9tel \u00fatj\u00e1n. A biztons\u00e1gi ment\u00e9sek \u00e9s a t\u00f6rl\u00e9si rekordok miatt azonban el\u0151fordulhat, hogy lehetetlen a L\u00e1togat\u00f3 bejegyz\u00e9s\u00e9nek t\u00f6rl\u00e9se bizonyos fennmarad\u00f3 inform\u00e1ci\u00f3k meg\u0151rz\u00e9se n\u00e9lk\u00fcl. A szem\u00e9lyazonos\u00edt\u00e1sra alkalmas adatok deaktiv\u00e1l\u00e1s\u00e1t k\u00e9r\u0151 szem\u00e9ly ezeket az inform\u00e1ci\u00f3kat funkcion\u00e1lisan t\u00f6r\u00f6lni fogja, \u00e9s a tov\u00e1bbiakban semmilyen m\u00f3don nem adjuk el, nem adjuk \u00e1t vagy haszn\u00e1ljuk fel az adott szem\u00e9lyre vonatkoz\u00f3 szem\u00e9lyazonos\u00edt\u00e1sra alkalmas adatokat.<\/p><h3>Az \u00d6n jogai<\/h3><p>Ezek az \u00d6n adatv\u00e9delmi t\u00f6rv\u00e9ny szerinti jogai<\/p><ul><li>A hozz\u00e1f\u00e9r\u00e9s joga<\/li><li>A helyesb\u00edt\u00e9shez val\u00f3 jog<\/li><li>A t\u00f6rl\u00e9shez val\u00f3 jog<\/li><li>Az adatkezel\u00e9s korl\u00e1toz\u00e1s\u00e1nak joga<\/li><li>A feldolgoz\u00e1s elleni tiltakoz\u00e1s joga<\/li><li>Az adathordozhat\u00f3s\u00e1ghoz val\u00f3 jog<\/li><li>A fel\u00fcgyeleti hat\u00f3s\u00e1ghoz beny\u00fajtott panasz joga<\/li><li>A hozz\u00e1j\u00e1rul\u00e1s visszavon\u00e1s\u00e1nak joga<\/li><\/ul><h3>Mi t\u00f6rt\u00e9nik, ha az adatv\u00e9delmi szab\u00e1lyzat megv\u00e1ltozik?<\/h3><p>Az adatv\u00e9delmi szab\u00e1lyzatunk v\u00e1ltoz\u00e1sair\u00f3l L\u00e1togat\u00f3inkat \u00e9s Meghatalmazott \u00dcgyfeleinket az Oldalon t\u00f6rt\u00e9n\u0151 k\u00f6zz\u00e9t\u00e9tellel t\u00e1j\u00e9koztatjuk. Ha azonban adatv\u00e9delmi szab\u00e1lyzatunkat oly m\u00f3don v\u00e1ltoztatjuk meg, amely a L\u00e1togat\u00f3 vagy a Meghatalmazott \u00dcgyf\u00e9l \u00e1ltal kor\u00e1bban k\u00e9rt szem\u00e9lyazonos\u00edt\u00e1sra alkalmas adatok nyilv\u00e1noss\u00e1gra hozatal\u00e1t eredm\u00e9nyezheti, felvessz\u00fck a kapcsolatot az ilyen L\u00e1togat\u00f3val vagy Meghatalmazott \u00dcgyf\u00e9llel, hogy lehet\u0151v\u00e9 tegy\u00fck az ilyen L\u00e1togat\u00f3nak vagy Meghatalmazott \u00dcgyf\u00e9lnek, hogy megakad\u00e1lyozza. ilyen nyilv\u00e1noss\u00e1gra hozatal.<\/p><h3>Linkek:<\/h3><p>A https:\/\/foundations.ac m\u00e1s webhelyekre mutat\u00f3 hivatkoz\u00e1sokat tartalmaz. K\u00e9rj\u00fck, vegye figyelembe, hogy ha ezeknek a linkeknek az egyik\u00e9re kattint, egy m\u00e1sik webhelyre l\u00e9p. Javasoljuk, hogy olvassa el ezen linkelt webhelyek adatv\u00e9delmi nyilatkozatait, mivel ezek adatv\u00e9delmi szab\u00e1lyzata elt\u00e9rhet a mi\u00e9nkt\u0151l.<\/p>\t\t\t\t\t\t\t\t<\/div>\n\t\t\t\t<\/div>\n\t\t\t\t\t<\/div>\n\t\t<\/div>\n\t\t\t\t\t<\/div>\n\t\t<\/section>\n\t\t\t\t<\/div>","protected":false},"excerpt":{"rendered":"<p>Welcome to https:\/\/foundations.ac (the &#8220;Site&#8221;) We understand that privacy online is important to users of our Site, especially when conducting business. This statement governs our privacy policies with respect to those users of the Site (&#8220;Visitors&#8221;) who visit without transacting business and Visitors who register to transact business on the Site and make use of [&hellip;]<\/p>\n","protected":false},"author":1,"featured_media":0,"parent":0,"menu_order":0,"comment_status":"closed","ping_status":"closed","template":"","meta":{"inline_featured_image":false,"_monsterinsights_skip_tracking":false,"_monsterinsights_sitenote_active":false,"_monsterinsights_sitenote_note":"","_monsterinsights_sitenote_category":0,"footnotes":""},"class_list":["post-159","page","type-page","status-publish","hentry"],"yoast_head":"<!-- This site is optimized with the Yoast SEO plugin v26.9 - https:\/\/yoast.com\/product\/yoast-seo-wordpress\/ -->\n<title>Privacy Policy - FIAT<\/title>\n<meta name=\"robots\" content=\"index, follow, max-snippet:-1, max-image-preview:large, max-video-preview:-1\" \/>\n<link rel=\"canonical\" href=\"https:\/\/foundations.ac\/hu\/privacy-policy\/\" \/>\n<meta property=\"og:locale\" content=\"hu_HU\" \/>\n<meta property=\"og:type\" content=\"article\" \/>\n<meta property=\"og:title\" content=\"Privacy Policy - FIAT\" \/>\n<meta property=\"og:description\" content=\"Welcome to https:\/\/foundations.ac (the &#8220;Site&#8221;) We understand that privacy online is important to users of our Site, especially when conducting business. This statement governs our privacy policies with respect to those users of the Site (&#8220;Visitors&#8221;) who visit without transacting business and Visitors who register to transact business on the Site and make use of [&hellip;]\" \/>\n<meta property=\"og:url\" content=\"https:\/\/foundations.ac\/hu\/privacy-policy\/\" \/>\n<meta property=\"og:site_name\" content=\"FIAT\" \/>\n<meta property=\"article:modified_time\" content=\"2021-05-28T12:20:02+00:00\" \/>\n<meta name=\"twitter:card\" content=\"summary_large_image\" \/>\n<meta name=\"twitter:label1\" content=\"Becs\u00fclt olvas\u00e1si id\u0151\" \/>\n\t<meta name=\"twitter:data1\" content=\"6 perc\" \/>\n<script type=\"application\/ld+json\" class=\"yoast-schema-graph\">{\"@context\":\"https:\/\/schema.org\",\"@graph\":[{\"@type\":\"WebPage\",\"@id\":\"https:\/\/foundations.ac\/privacy-policy\/\",\"url\":\"https:\/\/foundations.ac\/privacy-policy\/\",\"name\":\"Privacy Policy - FIAT\",\"isPartOf\":{\"@id\":\"https:\/\/foundations.ac\/#website\"},\"datePublished\":\"2021-03-09T11:40:21+00:00\",\"dateModified\":\"2021-05-28T12:20:02+00:00\",\"breadcrumb\":{\"@id\":\"https:\/\/foundations.ac\/privacy-policy\/#breadcrumb\"},\"inLanguage\":\"hu\",\"potentialAction\":[{\"@type\":\"ReadAction\",\"target\":[\"https:\/\/foundations.ac\/privacy-policy\/\"]}]},{\"@type\":\"BreadcrumbList\",\"@id\":\"https:\/\/foundations.ac\/privacy-policy\/#breadcrumb\",\"itemListElement\":[{\"@type\":\"ListItem\",\"position\":1,\"name\":\"Home\",\"item\":\"https:\/\/foundations.ac\/en\/\"},{\"@type\":\"ListItem\",\"position\":2,\"name\":\"Privacy Policy\"}]},{\"@type\":\"WebSite\",\"@id\":\"https:\/\/foundations.ac\/#website\",\"url\":\"https:\/\/foundations.ac\/\",\"name\":\"FIAT\",\"description\":\"My WordPress Blog\",\"potentialAction\":[{\"@type\":\"SearchAction\",\"target\":{\"@type\":\"EntryPoint\",\"urlTemplate\":\"https:\/\/foundations.ac\/?s={search_term_string}\"},\"query-input\":{\"@type\":\"PropertyValueSpecification\",\"valueRequired\":true,\"valueName\":\"search_term_string\"}}],\"inLanguage\":\"hu\"}]}<\/script>\n<!-- \/ Yoast SEO plugin. -->","yoast_head_json":{"title":"Adatv\u00e9delmi ir\u00e1nyelvek - FIAT","robots":{"index":"index","follow":"follow","max-snippet":"max-snippet:-1","max-image-preview":"max-image-preview:large","max-video-preview":"max-video-preview:-1"},"canonical":"https:\/\/foundations.ac\/hu\/privacy-policy\/","og_locale":"hu_HU","og_type":"article","og_title":"Privacy Policy - FIAT","og_description":"Welcome to https:\/\/foundations.ac (the &#8220;Site&#8221;) We understand that privacy online is important to users of our Site, especially when conducting business. This statement governs our privacy policies with respect to those users of the Site (&#8220;Visitors&#8221;) who visit without transacting business and Visitors who register to transact business on the Site and make use of [&hellip;]","og_url":"https:\/\/foundations.ac\/hu\/privacy-policy\/","og_site_name":"FIAT","article_modified_time":"2021-05-28T12:20:02+00:00","twitter_card":"summary_large_image","twitter_misc":{"Becs\u00fclt olvas\u00e1si id\u0151":"6 perc"},"schema":{"@context":"https:\/\/schema.org","@graph":[{"@type":"WebPage","@id":"https:\/\/foundations.ac\/privacy-policy\/","url":"https:\/\/foundations.ac\/privacy-policy\/","name":"Adatv\u00e9delmi ir\u00e1nyelvek - FIAT","isPartOf":{"@id":"https:\/\/foundations.ac\/#website"},"datePublished":"2021-03-09T11:40:21+00:00","dateModified":"2021-05-28T12:20:02+00:00","breadcrumb":{"@id":"https:\/\/foundations.ac\/privacy-policy\/#breadcrumb"},"inLanguage":"hu","potentialAction":[{"@type":"ReadAction","target":["https:\/\/foundations.ac\/privacy-policy\/"]}]},{"@type":"BreadcrumbList","@id":"https:\/\/foundations.ac\/privacy-policy\/#breadcrumb","itemListElement":[{"@type":"ListItem","position":1,"name":"Home","item":"https:\/\/foundations.ac\/en\/"},{"@type":"ListItem","position":2,"name":"Privacy Policy"}]},{"@type":"WebSite","@id":"https:\/\/foundations.ac\/#website","url":"https:\/\/foundations.ac\/","name":"FIAT","description":"A WordPress blogom","potentialAction":[{"@type":"SearchAction","target":{"@type":"EntryPoint","urlTemplate":"https:\/\/foundations.ac\/?s={search_term_string}"},"query-input":{"@type":"PropertyValueSpecification","valueRequired":true,"valueName":"search_term_string"}}],"inLanguage":"hu"}]}},"_links":{"self":[{"href":"https:\/\/foundations.ac\/hu\/wp-json\/wp\/v2\/pages\/159","targetHints":{"allow":["GET"]}}],"collection":[{"href":"https:\/\/foundations.ac\/hu\/wp-json\/wp\/v2\/pages"}],"about":[{"href":"https:\/\/foundations.ac\/hu\/wp-json\/wp\/v2\/types\/page"}],"author":[{"embeddable":true,"href":"https:\/\/foundations.ac\/hu\/wp-json\/wp\/v2\/users\/1"}],"replies":[{"embeddable":true,"href":"https:\/\/foundations.ac\/hu\/wp-json\/wp\/v2\/comments?post=159"}],"version-history":[{"count":3,"href":"https:\/\/foundations.ac\/hu\/wp-json\/wp\/v2\/pages\/159\/revisions"}],"predecessor-version":[{"id":464,"href":"https:\/\/foundations.ac\/hu\/wp-json\/wp\/v2\/pages\/159\/revisions\/464"}],"wp:attachment":[{"href":"https:\/\/foundations.ac\/hu\/wp-json\/wp\/v2\/media?parent=159"}],"curies":[{"name":"munkaf\u00fczet","href":"https:\/\/api.w.org\/{rel}","templated":true}]}}