{"id":158,"date":"2021-03-09T11:43:05","date_gmt":"2021-03-09T11:43:05","guid":{"rendered":"https:\/\/foundations.ac\/terms-conditions\/"},"modified":"2021-05-28T09:58:19","modified_gmt":"2021-05-28T09:58:19","slug":"terms-conditions","status":"publish","type":"page","link":"https:\/\/foundations.ac\/pl\/terms-conditions\/","title":{"rendered":"Zasady i Warunki"},"content":{"rendered":"<div data-elementor-type=\"wp-page\" data-elementor-id=\"158\" class=\"elementor elementor-158\">\n\t\t\t\t\t\t<section class=\"elementor-section elementor-top-section elementor-element elementor-element-4079386 elementor-section-boxed elementor-section-height-default elementor-section-height-default magic-button-disabled-no\" data-id=\"4079386\" data-element_type=\"section\" data-e-type=\"section\">\n\t\t\t\t\t\t<div class=\"elementor-container elementor-column-gap-default\">\n\t\t\t\t\t<div class=\"elementor-column elementor-col-100 elementor-top-column elementor-element elementor-element-72fc91ec\" data-id=\"72fc91ec\" data-element_type=\"column\" data-e-type=\"column\">\n\t\t\t<div class=\"elementor-widget-wrap elementor-element-populated\">\n\t\t\t\t\t\t<div class=\"elementor-element elementor-element-44c66f8 elementor-widget elementor-widget-text-editor\" data-id=\"44c66f8\" data-element_type=\"widget\" data-e-type=\"widget\" data-widget_type=\"text-editor.default\">\n\t\t\t\t<div class=\"elementor-widget-container\">\n\t\t\t\t\t\t\t\t\t<p>Niniejsze Warunki reguluj\u0105 dost\u0119p i korzystanie ze wszystkich tre\u015bci, Produkt\u00f3w i Us\u0142ug dost\u0119pnych na stronie https:\/\/foundations.ac (\u201eUs\u0142uga\u201d) obs\u0142ugiwanej przez firm\u0119 FIAT (\u201enas\u201d, \u201emy\u201d lub \u201enasz\u201d).<\/p><p>Tw\u00f3j dost\u0119p do naszych us\u0142ug jest uwarunkowany akceptacj\u0105, bez modyfikacji, wszystkich warunk\u00f3w zawartych w niniejszym dokumencie oraz wszystkich innych opublikowanych zasad operacyjnych i polityk, kt\u00f3re mog\u0105 by\u0107 okresowo publikowane przez nas.<\/p><p>Prosimy o uwa\u017cne przeczytanie Umowy przed uzyskaniem dost\u0119pu do naszych Us\u0142ug lub korzystaniem z nich. Uzyskuj\u0105c dost\u0119p do dowolnej cz\u0119\u015bci naszych Us\u0142ug lub korzystaj\u0105c z nich, wyra\u017casz zgod\u0119 na przestrzeganie niniejszych Warunk\u00f3w. Je\u015bli nie wyra\u017casz zgody na jak\u0105kolwiek cz\u0119\u015b\u0107 warunk\u00f3w Umowy, nie mo\u017cesz uzyska\u0107 dost\u0119pu do naszych Us\u0142ug ani z nich korzysta\u0107.<\/p><h2>W\u0142asno\u015b\u0107 intelektualna<\/h2><p>Umowa nie przenosi z nas na Ciebie \u017cadnej naszej w\u0142asno\u015bci intelektualnej ani w\u0142asno\u015bci intelektualnej os\u00f3b trzecich, a wszelkie prawa, tytu\u0142y i udzia\u0142y w takiej w\u0142asno\u015bci pozostan\u0105 (mi\u0119dzy stronami) wy\u0142\u0105cznie FIAT i jego licencjodawcami.<\/p><h3>Us\u0142ugi os\u00f3b trzecich<\/h3><p>Korzystaj\u0105c z Us\u0142ug, mo\u017cesz korzysta\u0107 z us\u0142ug, produkt\u00f3w, oprogramowania, element\u00f3w osadzonych lub aplikacji stron trzecich opracowanych przez stron\u0119 trzeci\u0105 (\u201eUs\u0142ugi stron trzecich\u201d).<\/p><p>Je\u015bli korzystasz z us\u0142ug stron trzecich, rozumiesz, \u017ce:<\/p><ul><li>Jakiekolwiek korzystanie z Us\u0142ugi strony trzeciej odbywa si\u0119 na w\u0142asne ryzyko u\u017cytkownika, a my nie ponosimy odpowiedzialno\u015bci wobec nikogo za strony internetowe lub Us\u0142ugi os\u00f3b trzecich.<\/li><li>Przyjmujesz do wiadomo\u015bci i zgadzasz si\u0119, \u017ce nie ponosimy odpowiedzialno\u015bci za jakiekolwiek szkody lub straty spowodowane lub rzekomo spowodowane przez lub w zwi\u0105zku z korzystaniem z takich tre\u015bci, towar\u00f3w lub us\u0142ug dost\u0119pnych na lub za po\u015brednictwem takich stron internetowych lub us\u0142ug.<\/li><\/ul><h2>Konta<\/h2><p>Tam, gdzie korzystanie z jakiejkolwiek cz\u0119\u015bci naszych Us\u0142ug wymaga konta, zgadzasz si\u0119 poda\u0107 nam kompletne i dok\u0142adne informacje podczas rejestracji konta.<\/p><p>B\u0119dziesz ponosi\u0107 wy\u0142\u0105czn\u0105 odpowiedzialno\u015b\u0107 za wszelkie dzia\u0142ania, kt\u00f3re maj\u0105 miejsce na Twoim koncie. Jeste\u015b odpowiedzialny za aktualizowanie informacji o swoim koncie i za bezpiecze\u0144stwo has\u0142a.<\/p><p>Jeste\u015b odpowiedzialny za utrzymanie bezpiecze\u0144stwa swojego konta, kt\u00f3rego u\u017cywasz do uzyskiwania dost\u0119pu do Us\u0142ugi. Nie b\u0119dziesz udost\u0119pnia\u0107 ani niew\u0142a\u015bciwie wykorzystywa\u0107 swoich danych uwierzytelniaj\u0105cych. Musisz natychmiast powiadomi\u0107 nas o ka\u017cdym nieautoryzowanym u\u017cyciu konta lub po stwierdzeniu jakiegokolwiek innego naruszenia bezpiecze\u0144stwa.<\/p><h2>Zako\u0144czenie<\/h2><p>Mo\u017cemy zako\u0144czy\u0107 lub zawiesi\u0107 dost\u0119p u\u017cytkownika do ca\u0142o\u015bci lub cz\u0119\u015bci naszych Us\u0142ug w dowolnym momencie, z podaniem przyczyny lub bez, z powiadomieniem lub bez, ze skutkiem natychmiastowym.<\/p><p>Je\u015bli chcesz rozwi\u0105za\u0107 Umow\u0119 lub rozwi\u0105za\u0107 konto FIAT, mo\u017cesz po prostu zaprzesta\u0107 korzystania z naszych Us\u0142ug.<\/p><p>Wszystkie postanowienia Umowy, kt\u00f3re ze wzgl\u0119du na sw\u00f3j charakter powinny przetrwa\u0107 rozwi\u0105zanie, pozostaj\u0105 w mocy po rozwi\u0105zaniu, w tym mi\u0119dzy innymi postanowienia dotycz\u0105ce w\u0142asno\u015bci, wy\u0142\u0105czenia odpowiedzialno\u015bci z tytu\u0142u gwarancji, odszkodowania i ograniczenia odpowiedzialno\u015bci.<\/p><h2>Zastrze\u017cenie<\/h2><p>Nasze Us\u0142ugi s\u0105 \u015bwiadczone \u201eTAK JAK JEST\u201d. oraz \u201eW MIAR\u0118 DOST\u0118PNO\u015aCI\u201d. FIAT oraz jego dostawcy i licencjodawcy niniejszym zrzekaj\u0105 si\u0119 wszelkich gwarancji jakiegokolwiek rodzaju, wyra\u017anych lub dorozumianych, w tym mi\u0119dzy innymi gwarancji przydatno\u015bci handlowej, przydatno\u015bci do okre\u015blonego celu i nienaruszalno\u015bci. Ani FIAT, ani jego dostawcy i licencjodawcy nie gwarantuj\u0105, \u017ce nasze Us\u0142ugi b\u0119d\u0105 wolne od b\u0142\u0119d\u00f3w lub \u017ce dost\u0119p do nich b\u0119dzie ci\u0105g\u0142y lub nieprzerwany. Rozumiesz, \u017ce pobierasz lub w inny spos\u00f3b uzyskujesz tre\u015bci lub us\u0142ugi za po\u015brednictwem naszych Us\u0142ug wed\u0142ug w\u0142asnego uznania i na w\u0142asne ryzyko.<\/p><h3>Jurysdykcja i prawo w\u0142a\u015bciwe<\/h3><p>O ile obowi\u0105zuj\u0105ce prawo nie stanowi inaczej, Umowa oraz dost\u0119p do naszych Us\u0142ug lub korzystanie z nich podlegaj\u0105 prawu Irlandii.<\/p><p>W\u0142a\u015bciwym miejscem rozstrzygania wszelkich spor\u00f3w wynikaj\u0105cych z Umowy lub zwi\u0105zanych z Umow\u0105 oraz dost\u0119pem do naszych Us\u0142ug lub korzystaniem z nich b\u0119d\u0105 s\u0105dy stanowe i federalne znajduj\u0105ce si\u0119 w Irlandii.<\/p><h2>Zmiany<\/h2><p>FIAT zastrzega sobie prawo, wed\u0142ug w\u0142asnego uznania, do zmiany lub wymiany niniejszych Warunk\u00f3w w dowolnym momencie.<\/p><p>Je\u015bli wprowadzimy istotne zmiany, poinformujemy Ci\u0119 o tym, publikuj\u0105c na naszej stronie internetowej lub wysy\u0142aj\u0105c wiadomo\u015b\u0107 e-mail lub inn\u0105 komunikacj\u0119, zanim zmiany wejd\u0105 w \u017cycie. W powiadomieniu zostanie okre\u015blony rozs\u0105dny okres czasu, po kt\u00f3rym nowe warunki zaczn\u0105 obowi\u0105zywa\u0107.<\/p><p>Je\u015bli nie zgadzasz si\u0119 z naszymi zmianami, powiniene\u015b zaprzesta\u0107 korzystania z naszych Us\u0142ug w wyznaczonym okresie wypowiedzenia lub po wej\u015bciu zmian w \u017cycie.<\/p><p>Dalsze korzystanie z naszych Us\u0142ug b\u0119dzie podlega\u0107 nowym warunkom.<\/p>\t\t\t\t\t\t\t\t<\/div>\n\t\t\t\t<\/div>\n\t\t\t\t\t<\/div>\n\t\t<\/div>\n\t\t\t\t\t<\/div>\n\t\t<\/section>\n\t\t\t\t<\/div>","protected":false},"excerpt":{"rendered":"<p>These Terms govern your access to, usage of all content, Product and Services available at https:\/\/foundations.ac website (the \u201cService\u201d) operated by FIAT (\u201cus\u201d, \u201cwe\u201d, or \u201cour\u201d). Your access to our services are subject to your acceptance, without modification, of all of the terms and conditions contained herein and all other operating rules and policies published [&hellip;]<\/p>\n","protected":false},"author":1,"featured_media":0,"parent":0,"menu_order":0,"comment_status":"closed","ping_status":"closed","template":"","meta":{"inline_featured_image":false,"_monsterinsights_skip_tracking":false,"_monsterinsights_sitenote_active":false,"_monsterinsights_sitenote_note":"","_monsterinsights_sitenote_category":0,"footnotes":""},"class_list":["post-158","page","type-page","status-publish","hentry"],"yoast_head":"<!-- This site is optimized with the Yoast SEO plugin v26.9 - https:\/\/yoast.com\/product\/yoast-seo-wordpress\/ -->\n<title>Terms &amp; Conditions - FIAT<\/title>\n<meta name=\"robots\" content=\"index, follow, max-snippet:-1, max-image-preview:large, max-video-preview:-1\" \/>\n<link rel=\"canonical\" href=\"https:\/\/foundations.ac\/pl\/terms-conditions\/\" \/>\n<meta property=\"og:locale\" content=\"pl_PL\" \/>\n<meta property=\"og:type\" content=\"article\" \/>\n<meta property=\"og:title\" content=\"Terms &amp; Conditions - FIAT\" \/>\n<meta property=\"og:description\" content=\"These Terms govern your access to, usage of all content, Product and Services available at https:\/\/foundations.ac website (the \u201cService\u201d) operated by FIAT (\u201cus\u201d, \u201cwe\u201d, or \u201cour\u201d). Your access to our services are subject to your acceptance, without modification, of all of the terms and conditions contained herein and all other operating rules and policies published [&hellip;]\" \/>\n<meta property=\"og:url\" content=\"https:\/\/foundations.ac\/pl\/terms-conditions\/\" \/>\n<meta property=\"og:site_name\" content=\"FIAT\" \/>\n<meta property=\"article:modified_time\" content=\"2021-05-28T09:58:19+00:00\" \/>\n<meta name=\"twitter:card\" content=\"summary_large_image\" \/>\n<meta name=\"twitter:label1\" content=\"Szacowany czas czytania\" \/>\n\t<meta name=\"twitter:data1\" content=\"4 minuty\" \/>\n<script type=\"application\/ld+json\" class=\"yoast-schema-graph\">{\"@context\":\"https:\/\/schema.org\",\"@graph\":[{\"@type\":\"WebPage\",\"@id\":\"https:\/\/foundations.ac\/terms-conditions\/\",\"url\":\"https:\/\/foundations.ac\/terms-conditions\/\",\"name\":\"Terms & Conditions - FIAT\",\"isPartOf\":{\"@id\":\"https:\/\/foundations.ac\/#website\"},\"datePublished\":\"2021-03-09T11:43:05+00:00\",\"dateModified\":\"2021-05-28T09:58:19+00:00\",\"breadcrumb\":{\"@id\":\"https:\/\/foundations.ac\/terms-conditions\/#breadcrumb\"},\"inLanguage\":\"pl-PL\",\"potentialAction\":[{\"@type\":\"ReadAction\",\"target\":[\"https:\/\/foundations.ac\/terms-conditions\/\"]}]},{\"@type\":\"BreadcrumbList\",\"@id\":\"https:\/\/foundations.ac\/terms-conditions\/#breadcrumb\",\"itemListElement\":[{\"@type\":\"ListItem\",\"position\":1,\"name\":\"Home\",\"item\":\"https:\/\/foundations.ac\/en\/\"},{\"@type\":\"ListItem\",\"position\":2,\"name\":\"Terms &#038; Conditions\"}]},{\"@type\":\"WebSite\",\"@id\":\"https:\/\/foundations.ac\/#website\",\"url\":\"https:\/\/foundations.ac\/\",\"name\":\"FIAT\",\"description\":\"My WordPress Blog\",\"potentialAction\":[{\"@type\":\"SearchAction\",\"target\":{\"@type\":\"EntryPoint\",\"urlTemplate\":\"https:\/\/foundations.ac\/?s={search_term_string}\"},\"query-input\":{\"@type\":\"PropertyValueSpecification\",\"valueRequired\":true,\"valueName\":\"search_term_string\"}}],\"inLanguage\":\"pl-PL\"}]}<\/script>\n<!-- \/ Yoast SEO plugin. -->","yoast_head_json":{"title":"Warunki i zasady - FIAT","robots":{"index":"index","follow":"follow","max-snippet":"max-snippet:-1","max-image-preview":"max-image-preview:large","max-video-preview":"max-video-preview:-1"},"canonical":"https:\/\/foundations.ac\/pl\/terms-conditions\/","og_locale":"pl_PL","og_type":"article","og_title":"Terms & Conditions - FIAT","og_description":"These Terms govern your access to, usage of all content, Product and Services available at https:\/\/foundations.ac website (the \u201cService\u201d) operated by FIAT (\u201cus\u201d, \u201cwe\u201d, or \u201cour\u201d). Your access to our services are subject to your acceptance, without modification, of all of the terms and conditions contained herein and all other operating rules and policies published [&hellip;]","og_url":"https:\/\/foundations.ac\/pl\/terms-conditions\/","og_site_name":"FIAT","article_modified_time":"2021-05-28T09:58:19+00:00","twitter_card":"summary_large_image","twitter_misc":{"Szacowany czas czytania":"4 minuty"},"schema":{"@context":"https:\/\/schema.org","@graph":[{"@type":"WebPage","@id":"https:\/\/foundations.ac\/terms-conditions\/","url":"https:\/\/foundations.ac\/terms-conditions\/","name":"Warunki i zasady - FIAT","isPartOf":{"@id":"https:\/\/foundations.ac\/#website"},"datePublished":"2021-03-09T11:43:05+00:00","dateModified":"2021-05-28T09:58:19+00:00","breadcrumb":{"@id":"https:\/\/foundations.ac\/terms-conditions\/#breadcrumb"},"inLanguage":"pl-PL","potentialAction":[{"@type":"ReadAction","target":["https:\/\/foundations.ac\/terms-conditions\/"]}]},{"@type":"BreadcrumbList","@id":"https:\/\/foundations.ac\/terms-conditions\/#breadcrumb","itemListElement":[{"@type":"ListItem","position":1,"name":"Home","item":"https:\/\/foundations.ac\/en\/"},{"@type":"ListItem","position":2,"name":"Terms &#038; Conditions"}]},{"@type":"WebSite","@id":"https:\/\/foundations.ac\/#website","url":"https:\/\/foundations.ac\/","name":"DEKRET","description":"M\u00f3j blog na WordPressie","potentialAction":[{"@type":"SearchAction","target":{"@type":"EntryPoint","urlTemplate":"https:\/\/foundations.ac\/?s={search_term_string}"},"query-input":{"@type":"PropertyValueSpecification","valueRequired":true,"valueName":"search_term_string"}}],"inLanguage":"pl-PL"}]}},"_links":{"self":[{"href":"https:\/\/foundations.ac\/pl\/wp-json\/wp\/v2\/pages\/158","targetHints":{"allow":["GET"]}}],"collection":[{"href":"https:\/\/foundations.ac\/pl\/wp-json\/wp\/v2\/pages"}],"about":[{"href":"https:\/\/foundations.ac\/pl\/wp-json\/wp\/v2\/types\/page"}],"author":[{"embeddable":true,"href":"https:\/\/foundations.ac\/pl\/wp-json\/wp\/v2\/users\/1"}],"replies":[{"embeddable":true,"href":"https:\/\/foundations.ac\/pl\/wp-json\/wp\/v2\/comments?post=158"}],"version-history":[{"count":3,"href":"https:\/\/foundations.ac\/pl\/wp-json\/wp\/v2\/pages\/158\/revisions"}],"predecessor-version":[{"id":468,"href":"https:\/\/foundations.ac\/pl\/wp-json\/wp\/v2\/pages\/158\/revisions\/468"}],"wp:attachment":[{"href":"https:\/\/foundations.ac\/pl\/wp-json\/wp\/v2\/media?parent=158"}],"curies":[{"name":"wp","href":"https:\/\/api.w.org\/{rel}","templated":true}]}}