{"id":159,"date":"2021-03-09T11:40:21","date_gmt":"2021-03-09T11:40:21","guid":{"rendered":"https:\/\/foundations.ac\/privacy-policy-2\/"},"modified":"2021-05-28T12:20:02","modified_gmt":"2021-05-28T12:20:02","slug":"privacy-policy","status":"publish","type":"page","link":"https:\/\/foundations.ac\/pl\/privacy-policy\/","title":{"rendered":"Polityka prywatno\u015bci"},"content":{"rendered":"<div data-elementor-type=\"wp-page\" data-elementor-id=\"159\" class=\"elementor elementor-159\">\n\t\t\t\t\t\t<section class=\"elementor-section elementor-top-section elementor-element elementor-element-51997f71 elementor-section-boxed elementor-section-height-default elementor-section-height-default magic-button-disabled-no\" data-id=\"51997f71\" data-element_type=\"section\" data-e-type=\"section\">\n\t\t\t\t\t\t<div class=\"elementor-container elementor-column-gap-default\">\n\t\t\t\t\t<div class=\"elementor-column elementor-col-100 elementor-top-column elementor-element elementor-element-407a6e5b\" data-id=\"407a6e5b\" data-element_type=\"column\" data-e-type=\"column\">\n\t\t\t<div class=\"elementor-widget-wrap elementor-element-populated\">\n\t\t\t\t\t\t<div class=\"elementor-element elementor-element-29308cc elementor-widget elementor-widget-text-editor\" data-id=\"29308cc\" data-element_type=\"widget\" data-e-type=\"widget\" data-widget_type=\"text-editor.default\">\n\t\t\t\t<div class=\"elementor-widget-container\">\n\t\t\t\t\t\t\t\t\t<h3>Witamy na stronie https:\/\/foundations.ac (\u201eWitryna\u201d)<\/h3><p>Rozumiemy, \u017ce prywatno\u015b\u0107 w Internecie jest wa\u017cna dla u\u017cytkownik\u00f3w naszej Witryny, zw\u0142aszcza podczas prowadzenia dzia\u0142alno\u015bci. Niniejsze o\u015bwiadczenie reguluje nasz\u0105 polityk\u0119 prywatno\u015bci w odniesieniu do tych u\u017cytkownik\u00f3w Witryny (\u201eOdwiedzaj\u0105cy\u201d), kt\u00f3rzy odwiedzaj\u0105 Witryn\u0119 bez zawierania transakcji biznesowych oraz Odwiedzaj\u0105cych, kt\u00f3rzy rejestruj\u0105 si\u0119 w celu dokonywania transakcji biznesowych w Witrynie i korzystaj\u0105 z r\u00f3\u017cnych us\u0142ug oferowanych przez FIAT (\u0142\u0105cznie \u201eUs\u0142ugi\u201d ) (\u201eUpowa\u017cnieni Klienci\u201d).<\/p><h3>&quot;Dane osobowe&quot;<\/h3><p>odnosi si\u0119 do wszelkich informacji, kt\u00f3re identyfikuj\u0105 lub mog\u0105 by\u0107 wykorzystane do zidentyfikowania, skontaktowania si\u0119 lub zlokalizowania osoby, kt\u00f3rej dotycz\u0105 takie informacje, w tym mi\u0119dzy innymi imi\u0119 i nazwisko, adres, numer telefonu, numer faksu, adres e-mail, profile finansowe, ubezpieczenie spo\u0142eczne numer telefonu i informacje o karcie kredytowej. Informacje umo\u017cliwiaj\u0105ce identyfikacj\u0119 u\u017cytkownika nie obejmuj\u0105 informacji zbieranych anonimowo (tj. bez identyfikacji indywidualnego u\u017cytkownika) ani informacji demograficznych niezwi\u0105zanych ze zidentyfikowan\u0105 osob\u0105.<\/p><h3>Jakie dane osobowe s\u0105 gromadzone?<\/h3><p>Mo\u017cemy zbiera\u0107 podstawowe informacje o profilu u\u017cytkownika od wszystkich naszych Go\u015bci. Gromadzimy nast\u0119puj\u0105ce dodatkowe informacje od naszych Upowa\u017cnionych klient\u00f3w: imiona i nazwiska, adresy, numery telefon\u00f3w i adresy e-mail Upowa\u017cnionych klient\u00f3w, charakter i wielko\u015b\u0107 dzia\u0142alno\u015bci oraz charakter i wielko\u015b\u0107 zasob\u00f3w reklamowych, kt\u00f3re Upowa\u017cniony klient zamierza kupi\u0107 lub sprzeda\u0107.<\/p><h3>Jakie organizacje zbieraj\u0105 informacje?<\/h3><p>Opr\u00f3cz naszego bezpo\u015bredniego gromadzenia informacji, nasi zewn\u0119trzni dostawcy us\u0142ug (tacy jak firmy obs\u0142uguj\u0105ce karty kredytowe, izby rozliczeniowe i banki), kt\u00f3rzy mog\u0105 \u015bwiadczy\u0107 takie us\u0142ugi, jak kredyty, ubezpieczenia i us\u0142ugi depozytowe, mog\u0105 zbiera\u0107 te informacje od naszych Odwiedzaj\u0105cych i Upowa\u017cnionych Klient\u00f3w. Nie kontrolujemy, w jaki spos\u00f3b te strony trzecie wykorzystuj\u0105 takie informacje, ale prosimy je o ujawnienie, w jaki spos\u00f3b wykorzystuj\u0105 dane osobowe przekazane im przez Odwiedzaj\u0105cych i Upowa\u017cnionych Klient\u00f3w. Niekt\u00f3re z tych stron trzecich mog\u0105 by\u0107 po\u015brednikami, kt\u00f3re dzia\u0142aj\u0105 wy\u0142\u0105cznie jako ogniwa w \u0142a\u0144cuchu dystrybucji i nie przechowuj\u0105, nie przechowuj\u0105 ani nie wykorzystuj\u0105 przekazanych im informacji.<\/p><h3>W jaki spos\u00f3b Witryna wykorzystuje dane osobowe?<\/h3><p>U\u017cywamy danych osobowych umo\u017cliwiaj\u0105cych identyfikacj\u0119 w celu dostosowania Witryny, tworzenia odpowiednich ofert us\u0142ug oraz realizacji zam\u00f3wie\u0144 kupna i sprzeda\u017cy w Witrynie. Mo\u017cemy wysy\u0142a\u0107 wiadomo\u015bci e-mail do Odwiedzaj\u0105cych i Upowa\u017cnionych Klient\u00f3w w sprawie bada\u0144 lub mo\u017cliwo\u015bci zakupu i sprzeda\u017cy w Witrynie lub informacji zwi\u0105zanych z tematyk\u0105 Witryny. Mo\u017cemy r\u00f3wnie\u017c wykorzystywa\u0107 Dane Osobowe do kontaktowania si\u0119 z Odwiedzaj\u0105cymi i Upowa\u017cnionymi Klientami w odpowiedzi na okre\u015blone zapytania lub w celu dostarczenia \u017c\u0105danych informacji.<\/p><h3>Komu mog\u0105 by\u0107 udost\u0119pniane informacje?<\/h3><p>Dane osobowe dotycz\u0105ce Upowa\u017cnionych klient\u00f3w mog\u0105 by\u0107 udost\u0119pniane innym Upowa\u017cnionym klientom, kt\u00f3rzy chc\u0105 oceni\u0107 potencjalne transakcje z innymi Upowa\u017cnionymi klientami. Mo\u017cemy udost\u0119pnia\u0107 zagregowane informacje o naszych Odwiedzaj\u0105cych, w tym dane demograficzne naszych Odwiedzaj\u0105cych i Upowa\u017cnionych Klient\u00f3w, naszym agencjom stowarzyszonym i zewn\u0119trznym dostawcom. Oferujemy r\u00f3wnie\u017c mo\u017cliwo\u015b\u0107 \u201ezrezygnowania\u201d z otrzymywania informacji lub kontaktowania si\u0119 z nami lub jak\u0105kolwiek agencj\u0105 dzia\u0142aj\u0105c\u0105 w naszym imieniu.<\/p><h3>W jaki spos\u00f3b przechowywane s\u0105 dane osobowe?<\/h3><p>Dane osobowe gromadzone przez FIAT s\u0105 bezpiecznie przechowywane i nie s\u0105 dost\u0119pne dla os\u00f3b trzecich ani pracownik\u00f3w FIAT, z wyj\u0105tkiem wykorzystania wskazanego powy\u017cej.<\/p><h3>Jakie opcje s\u0105 dost\u0119pne dla Odwiedzaj\u0105cych w zakresie gromadzenia, wykorzystywania i rozpowszechniania informacji?<\/h3><p>Odwiedzaj\u0105cy i Upowa\u017cnieni Klienci mog\u0105 zrezygnowa\u0107 z otrzymywania niezam\u00f3wionych informacji lub kontaktowania si\u0119 z nami i\/lub naszymi dostawcami i agencjami stowarzyszonymi, odpowiadaj\u0105c na wiadomo\u015bci e-mail zgodnie z instrukcjami lub kontaktuj\u0105c si\u0119 z nami w Sutherland School of Law, University College Dublin Belfield, Dublin 4, Irlandia.<\/p><h3>Ciasteczka<\/h3><p>Plik cookie to ci\u0105g informacji, kt\u00f3re witryna internetowa przechowuje na komputerze odwiedzaj\u0105cego i kt\u00f3re przegl\u0105darka odwiedzaj\u0105cego udost\u0119pnia witrynie za ka\u017cdym razem, gdy odwiedzaj\u0105cy j\u0105 odwiedza.<\/p><h3>Czy na stronie s\u0105 u\u017cywane pliki cookie?<\/h3><p>Pliki cookie s\u0105 u\u017cywane z r\u00f3\u017cnych powod\u00f3w. Wykorzystujemy pliki Cookies w celu pozyskiwania informacji o preferencjach naszych Go\u015bci i us\u0142ugach, kt\u00f3re wybieraj\u0105. U\u017cywamy r\u00f3wnie\u017c plik\u00f3w cookie do cel\u00f3w bezpiecze\u0144stwa, aby chroni\u0107 naszych Upowa\u017cnionych klient\u00f3w. Na przyk\u0142ad, je\u015bli Autoryzowany Klient jest zalogowany, a witryna nie jest u\u017cywana przez ponad 10 minut, automatycznie wylogujemy Upowa\u017cnionego Klienta. Odwiedzaj\u0105cy, kt\u00f3rzy nie chc\u0105, aby pliki cookie by\u0142y umieszczane na ich komputerach, powinni ustawi\u0107 swoje przegl\u0105darki tak, aby odrzuca\u0142y pliki cookie przed skorzystaniem z https:\/\/foundations.ac, z t\u0105 wad\u0105, \u017ce niekt\u00f3re funkcje witryny mog\u0105 nie dzia\u0142a\u0107 poprawnie bez pomocy plik\u00f3w cookie.<\/p><h3>Pliki cookie wykorzystywane przez naszych us\u0142ugodawc\u00f3w<\/h3><p>Nasi us\u0142ugodawcy u\u017cywaj\u0105 plik\u00f3w cookie i te pliki cookie mog\u0105 by\u0107 przechowywane na Twoim komputerze, gdy odwiedzasz nasz\u0105 stron\u0119 internetow\u0105. Wi\u0119cej informacji o tym, kt\u00f3re pliki cookie s\u0105 u\u017cywane, mo\u017cna znale\u017a\u0107 na naszej stronie z informacjami o plikach cookie.<\/p><h3>W jaki spos\u00f3b FIAT wykorzystuje dane logowania?<\/h3><p>FIAT wykorzystuje dane logowania, w tym mi\u0119dzy innymi adresy IP, dostawc\u00f3w us\u0142ug internetowych i typy przegl\u0105darek, do analizowania trend\u00f3w, administrowania Witryn\u0105, \u015bledzenia ruchu i korzystania przez u\u017cytkownika oraz gromadzenia szerokich informacji demograficznych.<\/p><h3>Kt\u00f3rzy partnerzy lub us\u0142ugodawcy maj\u0105 dost\u0119p do Danych osobowych Odwiedzaj\u0105cych i\/lub Upowa\u017cnionych klient\u00f3w w Witrynie?<\/h3><p>FIAT zawar\u0142 i b\u0119dzie zawiera\u0142 partnerstwa i inne powi\u0105zania z wieloma dostawcami. Tacy dostawcy mog\u0105 mie\u0107 dost\u0119p do niekt\u00f3rych informacji umo\u017cliwiaj\u0105cych identyfikacj\u0119 osoby w celu poznania podstawy oceny Upowa\u017cnionych klient\u00f3w pod k\u0105tem kwalifikowalno\u015bci do us\u0142ugi. Nasza polityka prywatno\u015bci nie obejmuje gromadzenia ani wykorzystywania tych informacji. Ujawnienie danych osobowych w celu zachowania zgodno\u015bci z prawem. Ujawnimy dane osobowe w celu zastosowania si\u0119 do nakazu s\u0105dowego lub wezwania s\u0105dowego lub wezwania organu \u015bcigania do ujawnienia informacji. Ujawnimy r\u00f3wnie\u017c Dane osobowe, gdy b\u0119dzie to uzasadnione w celu ochrony bezpiecze\u0144stwa naszych Odwiedzaj\u0105cych i Upowa\u017cnionych Klient\u00f3w.<\/p><h3>W jaki spos\u00f3b Witryna zapewnia bezpiecze\u0144stwo danych osobowych?<\/h3><p>Wszyscy nasi pracownicy s\u0105 zaznajomieni z nasz\u0105 polityk\u0105 bezpiecze\u0144stwa i praktykami. Dane osobowe naszych Odwiedzaj\u0105cych i Upowa\u017cnionych Klient\u00f3w s\u0105 dost\u0119pne tylko dla ograniczonej liczby wykwalifikowanych pracownik\u00f3w, kt\u00f3rym podano has\u0142o w celu uzyskania dost\u0119pu do informacji. Regularnie przeprowadzamy audyty naszych system\u00f3w i proces\u00f3w bezpiecze\u0144stwa. Wra\u017cliwe informacje, takie jak numery kart kredytowych lub numery ubezpieczenia spo\u0142ecznego, s\u0105 chronione za pomoc\u0105 protoko\u0142\u00f3w szyfrowania, stosowanych w celu ochrony informacji przesy\u0142anych przez Internet. Chocia\u017c podejmujemy uzasadnione handlowo \u015brodki w celu utrzymania bezpiecznej witryny, komunikacja elektroniczna i bazy danych s\u0105 podatne na b\u0142\u0119dy, manipulacje i w\u0142amania, i nie mo\u017cemy zagwarantowa\u0107 ani zagwarantowa\u0107, \u017ce takie zdarzenia nie b\u0119d\u0105 mia\u0142y miejsca i nie b\u0119dziemy ponosi\u0107 odpowiedzialno\u015bci wobec Odwiedzaj\u0105cych lub Upowa\u017cnieni Klienci w przypadku takich zdarze\u0144.<\/p><h3>W jaki spos\u00f3b Go\u015bcie mog\u0105 poprawi\u0107 wszelkie nie\u015bcis\u0142o\u015bci w danych osobowych?<\/h3><p>Odwiedzaj\u0105cy i Upowa\u017cnieni Klienci mog\u0105 kontaktowa\u0107 si\u0119 z nami w celu aktualizacji Danych Osobowych na ich temat lub skorygowania wszelkich nie\u015bcis\u0142o\u015bci, wysy\u0142aj\u0105c wiadomo\u015b\u0107 e-mail na adres deirdre.norris@ucd.ie<\/p><h3>Czy Go\u015b\u0107 mo\u017ce usun\u0105\u0107 lub dezaktywowa\u0107 dane osobowe zebrane przez Witryn\u0119?<\/h3><p>Udost\u0119pniamy Odwiedzaj\u0105cym i Upowa\u017cnionym Klientom mechanizm usuwania\/dezaktywacji Danych Osobowych z bazy danych Witryny poprzez kontakt. Jednak ze wzgl\u0119du na kopie zapasowe i rejestry usuni\u0119\u0107 usuni\u0119cie wpisu Odwiedzaj\u0105cego bez zachowania pewnych szcz\u0105tkowych informacji mo\u017ce by\u0107 niemo\u017cliwe. Osoba, kt\u00f3ra poprosi o dezaktywacj\u0119 danych osobowych umo\u017cliwiaj\u0105cych identyfikacj\u0119, zostanie funkcjonalnie usuni\u0119ta, a my nie b\u0119dziemy sprzedawa\u0107, przekazywa\u0107 ani wykorzystywa\u0107 danych osobowych dotycz\u0105cych tej osoby w jakikolwiek spos\u00f3b.<\/p><h3>Twoje prawa<\/h3><p>S\u0105 to podsumowane prawa, kt\u00f3re przys\u0142uguj\u0105 Ci na mocy przepis\u00f3w o ochronie danych<\/p><ul><li>Prawo dost\u0119pu<\/li><li>Prawo do sprostowania<\/li><li>Prawo do usuni\u0119cia<\/li><li>Prawo do ograniczenia przetwarzania<\/li><li>Prawo do sprzeciwu wobec przetwarzania<\/li><li>Prawo do przenoszenia danych<\/li><li>Prawo do wniesienia skargi do organu nadzorczego<\/li><li>Prawo do wycofania zgody<\/li><\/ul><h3>Co si\u0119 stanie, je\u015bli Polityka prywatno\u015bci ulegnie zmianie?<\/h3><p>Powiadomimy naszych Odwiedzaj\u0105cych i Upowa\u017cnionych Klient\u00f3w o zmianach w naszej polityce prywatno\u015bci, publikuj\u0105c takie zmiany w Witrynie. Je\u015bli jednak zmienimy nasz\u0105 polityk\u0119 prywatno\u015bci w spos\u00f3b, kt\u00f3ry mo\u017ce spowodowa\u0107 ujawnienie Danych Osobowych, kt\u00f3rych ujawnienia za\u017c\u0105da\u0142 wcze\u015bniej Odwiedzaj\u0105cy lub Upowa\u017cniony Klient, skontaktujemy si\u0119 z takim Odwiedzaj\u0105cym lub Upowa\u017cnionym Klientem, aby umo\u017cliwi\u0107 takiemu Odwiedzaj\u0105cemu lub Upowa\u017cnionemu Klientowi uniemo\u017cliwienie takie ujawnienie.<\/p><h3>Spinki do mankiet\u00f3w:<\/h3><p>https:\/\/foundations.ac zawiera linki do innych stron internetowych. Nale\u017cy pami\u0119ta\u0107, \u017ce klikni\u0119cie jednego z tych link\u00f3w powoduje przej\u015bcie do innej witryny. Zach\u0119camy do zapoznania si\u0119 z o\u015bwiadczeniami o ochronie prywatno\u015bci tych stron, do kt\u00f3rych prowadz\u0105 \u0142\u0105cza, poniewa\u017c ich polityki prywatno\u015bci mog\u0105 r\u00f3\u017cni\u0107 si\u0119 od naszych.<\/p>\t\t\t\t\t\t\t\t<\/div>\n\t\t\t\t<\/div>\n\t\t\t\t\t<\/div>\n\t\t<\/div>\n\t\t\t\t\t<\/div>\n\t\t<\/section>\n\t\t\t\t<\/div>","protected":false},"excerpt":{"rendered":"<p>Welcome to https:\/\/foundations.ac (the &#8220;Site&#8221;) We understand that privacy online is important to users of our Site, especially when conducting business. This statement governs our privacy policies with respect to those users of the Site (&#8220;Visitors&#8221;) who visit without transacting business and Visitors who register to transact business on the Site and make use of [&hellip;]<\/p>\n","protected":false},"author":1,"featured_media":0,"parent":0,"menu_order":0,"comment_status":"closed","ping_status":"closed","template":"","meta":{"inline_featured_image":false,"_monsterinsights_skip_tracking":false,"_monsterinsights_sitenote_active":false,"_monsterinsights_sitenote_note":"","_monsterinsights_sitenote_category":0,"footnotes":""},"class_list":["post-159","page","type-page","status-publish","hentry"],"yoast_head":"<!-- This site is optimized with the Yoast SEO plugin v26.9 - https:\/\/yoast.com\/product\/yoast-seo-wordpress\/ -->\n<title>Privacy Policy - FIAT<\/title>\n<meta name=\"robots\" content=\"index, follow, max-snippet:-1, max-image-preview:large, max-video-preview:-1\" \/>\n<link rel=\"canonical\" href=\"https:\/\/foundations.ac\/pl\/privacy-policy\/\" \/>\n<meta property=\"og:locale\" content=\"pl_PL\" \/>\n<meta property=\"og:type\" content=\"article\" \/>\n<meta property=\"og:title\" content=\"Privacy Policy - FIAT\" \/>\n<meta property=\"og:description\" content=\"Welcome to https:\/\/foundations.ac (the &#8220;Site&#8221;) We understand that privacy online is important to users of our Site, especially when conducting business. This statement governs our privacy policies with respect to those users of the Site (&#8220;Visitors&#8221;) who visit without transacting business and Visitors who register to transact business on the Site and make use of [&hellip;]\" \/>\n<meta property=\"og:url\" content=\"https:\/\/foundations.ac\/pl\/privacy-policy\/\" \/>\n<meta property=\"og:site_name\" content=\"FIAT\" \/>\n<meta property=\"article:modified_time\" content=\"2021-05-28T12:20:02+00:00\" \/>\n<meta name=\"twitter:card\" content=\"summary_large_image\" \/>\n<meta name=\"twitter:label1\" content=\"Szacowany czas czytania\" \/>\n\t<meta name=\"twitter:data1\" content=\"6 minut\" \/>\n<script type=\"application\/ld+json\" class=\"yoast-schema-graph\">{\"@context\":\"https:\/\/schema.org\",\"@graph\":[{\"@type\":\"WebPage\",\"@id\":\"https:\/\/foundations.ac\/privacy-policy\/\",\"url\":\"https:\/\/foundations.ac\/privacy-policy\/\",\"name\":\"Privacy Policy - FIAT\",\"isPartOf\":{\"@id\":\"https:\/\/foundations.ac\/#website\"},\"datePublished\":\"2021-03-09T11:40:21+00:00\",\"dateModified\":\"2021-05-28T12:20:02+00:00\",\"breadcrumb\":{\"@id\":\"https:\/\/foundations.ac\/privacy-policy\/#breadcrumb\"},\"inLanguage\":\"pl-PL\",\"potentialAction\":[{\"@type\":\"ReadAction\",\"target\":[\"https:\/\/foundations.ac\/privacy-policy\/\"]}]},{\"@type\":\"BreadcrumbList\",\"@id\":\"https:\/\/foundations.ac\/privacy-policy\/#breadcrumb\",\"itemListElement\":[{\"@type\":\"ListItem\",\"position\":1,\"name\":\"Home\",\"item\":\"https:\/\/foundations.ac\/en\/\"},{\"@type\":\"ListItem\",\"position\":2,\"name\":\"Privacy Policy\"}]},{\"@type\":\"WebSite\",\"@id\":\"https:\/\/foundations.ac\/#website\",\"url\":\"https:\/\/foundations.ac\/\",\"name\":\"FIAT\",\"description\":\"My WordPress Blog\",\"potentialAction\":[{\"@type\":\"SearchAction\",\"target\":{\"@type\":\"EntryPoint\",\"urlTemplate\":\"https:\/\/foundations.ac\/?s={search_term_string}\"},\"query-input\":{\"@type\":\"PropertyValueSpecification\",\"valueRequired\":true,\"valueName\":\"search_term_string\"}}],\"inLanguage\":\"pl-PL\"}]}<\/script>\n<!-- \/ Yoast SEO plugin. -->","yoast_head_json":{"title":"Polityka prywatno\u015bci - FIAT","robots":{"index":"index","follow":"follow","max-snippet":"max-snippet:-1","max-image-preview":"max-image-preview:large","max-video-preview":"max-video-preview:-1"},"canonical":"https:\/\/foundations.ac\/pl\/privacy-policy\/","og_locale":"pl_PL","og_type":"article","og_title":"Privacy Policy - FIAT","og_description":"Welcome to https:\/\/foundations.ac (the &#8220;Site&#8221;) We understand that privacy online is important to users of our Site, especially when conducting business. This statement governs our privacy policies with respect to those users of the Site (&#8220;Visitors&#8221;) who visit without transacting business and Visitors who register to transact business on the Site and make use of [&hellip;]","og_url":"https:\/\/foundations.ac\/pl\/privacy-policy\/","og_site_name":"FIAT","article_modified_time":"2021-05-28T12:20:02+00:00","twitter_card":"summary_large_image","twitter_misc":{"Szacowany czas czytania":"6 minut"},"schema":{"@context":"https:\/\/schema.org","@graph":[{"@type":"WebPage","@id":"https:\/\/foundations.ac\/privacy-policy\/","url":"https:\/\/foundations.ac\/privacy-policy\/","name":"Polityka prywatno\u015bci - FIAT","isPartOf":{"@id":"https:\/\/foundations.ac\/#website"},"datePublished":"2021-03-09T11:40:21+00:00","dateModified":"2021-05-28T12:20:02+00:00","breadcrumb":{"@id":"https:\/\/foundations.ac\/privacy-policy\/#breadcrumb"},"inLanguage":"pl-PL","potentialAction":[{"@type":"ReadAction","target":["https:\/\/foundations.ac\/privacy-policy\/"]}]},{"@type":"BreadcrumbList","@id":"https:\/\/foundations.ac\/privacy-policy\/#breadcrumb","itemListElement":[{"@type":"ListItem","position":1,"name":"Home","item":"https:\/\/foundations.ac\/en\/"},{"@type":"ListItem","position":2,"name":"Privacy Policy"}]},{"@type":"WebSite","@id":"https:\/\/foundations.ac\/#website","url":"https:\/\/foundations.ac\/","name":"DEKRET","description":"M\u00f3j blog na WordPressie","potentialAction":[{"@type":"SearchAction","target":{"@type":"EntryPoint","urlTemplate":"https:\/\/foundations.ac\/?s={search_term_string}"},"query-input":{"@type":"PropertyValueSpecification","valueRequired":true,"valueName":"search_term_string"}}],"inLanguage":"pl-PL"}]}},"_links":{"self":[{"href":"https:\/\/foundations.ac\/pl\/wp-json\/wp\/v2\/pages\/159","targetHints":{"allow":["GET"]}}],"collection":[{"href":"https:\/\/foundations.ac\/pl\/wp-json\/wp\/v2\/pages"}],"about":[{"href":"https:\/\/foundations.ac\/pl\/wp-json\/wp\/v2\/types\/page"}],"author":[{"embeddable":true,"href":"https:\/\/foundations.ac\/pl\/wp-json\/wp\/v2\/users\/1"}],"replies":[{"embeddable":true,"href":"https:\/\/foundations.ac\/pl\/wp-json\/wp\/v2\/comments?post=159"}],"version-history":[{"count":3,"href":"https:\/\/foundations.ac\/pl\/wp-json\/wp\/v2\/pages\/159\/revisions"}],"predecessor-version":[{"id":464,"href":"https:\/\/foundations.ac\/pl\/wp-json\/wp\/v2\/pages\/159\/revisions\/464"}],"wp:attachment":[{"href":"https:\/\/foundations.ac\/pl\/wp-json\/wp\/v2\/media?parent=159"}],"curies":[{"name":"wp","href":"https:\/\/api.w.org\/{rel}","templated":true}]}}