{"id":159,"date":"2021-03-09T11:40:21","date_gmt":"2021-03-09T11:40:21","guid":{"rendered":"https:\/\/foundations.ac\/privacy-policy-2\/"},"modified":"2021-05-28T12:20:02","modified_gmt":"2021-05-28T12:20:02","slug":"privacy-policy","status":"publish","type":"page","link":"https:\/\/foundations.ac\/sv\/privacy-policy\/","title":{"rendered":"Integritetspolicy"},"content":{"rendered":"<div data-elementor-type=\"wp-page\" data-elementor-id=\"159\" class=\"elementor elementor-159\">\n\t\t\t\t\t\t<section class=\"elementor-section elementor-top-section elementor-element elementor-element-51997f71 elementor-section-boxed elementor-section-height-default elementor-section-height-default magic-button-disabled-no\" data-id=\"51997f71\" data-element_type=\"section\" data-e-type=\"section\">\n\t\t\t\t\t\t<div class=\"elementor-container elementor-column-gap-default\">\n\t\t\t\t\t<div class=\"elementor-column elementor-col-100 elementor-top-column elementor-element elementor-element-407a6e5b\" data-id=\"407a6e5b\" data-element_type=\"column\" data-e-type=\"column\">\n\t\t\t<div class=\"elementor-widget-wrap elementor-element-populated\">\n\t\t\t\t\t\t<div class=\"elementor-element elementor-element-29308cc elementor-widget elementor-widget-text-editor\" data-id=\"29308cc\" data-element_type=\"widget\" data-e-type=\"widget\" data-widget_type=\"text-editor.default\">\n\t\t\t\t<div class=\"elementor-widget-container\">\n\t\t\t\t\t\t\t\t\t<h3>V\u00e4lkommen till https:\/\/foundations.ac (&quot;webbplatsen&quot;)<\/h3><p>Vi f\u00f6rst\u00e5r att sekretess online \u00e4r viktigt f\u00f6r anv\u00e4ndare av v\u00e5r webbplats, s\u00e4rskilt n\u00e4r de bedriver aff\u00e4rer. Detta uttalande styr v\u00e5r integritetspolicy med avseende p\u00e5 de anv\u00e4ndare av webbplatsen (&quot;Bes\u00f6kare&quot;) som bes\u00f6ker utan att g\u00f6ra aff\u00e4rer och bes\u00f6kare som registrerar sig f\u00f6r att g\u00f6ra aff\u00e4rer p\u00e5 webbplatsen och anv\u00e4nder de olika tj\u00e4nsterna som erbjuds av FIAT (sammantaget, &quot;Tj\u00e4nster&quot; ) (&quot;Auktoriserade kunder&quot;).<\/p><h3>&quot;Personligt identifierbar information&quot;<\/h3><p>h\u00e4nvisar till all information som identifierar eller kan anv\u00e4ndas f\u00f6r att identifiera, kontakta eller lokalisera den person som s\u00e5dan information avser, inklusive, men inte begr\u00e4nsat till, namn, adress, telefonnummer, faxnummer, e-postadress, ekonomiska profiler, social trygghet nummer och kreditkortsinformation. Personligt identifierbar information inkluderar inte information som samlas in anonymt (det vill s\u00e4ga utan identifiering av den enskilda anv\u00e4ndaren) eller demografisk information som inte \u00e4r kopplad till en identifierad individ.<\/p><h3>Vilken personligt identifierbar information samlas in?<\/h3><p>Vi kan samla in grundl\u00e4ggande anv\u00e4ndarprofilinformation fr\u00e5n alla v\u00e5ra bes\u00f6kare. Vi samlar in f\u00f6ljande ytterligare information fr\u00e5n v\u00e5ra auktoriserade kunder: namn, adresser, telefonnummer och e-postadresser till auktoriserade kunder, arten och storleken p\u00e5 verksamheten samt arten och storleken p\u00e5 annonsinventeringen som den auktoriserade kunden har f\u00f6r avsikt att k\u00f6pa eller s\u00e4lja.<\/p><h3>Vilka organisationer samlar in informationen?<\/h3><p>Ut\u00f6ver v\u00e5r direkta insamling av information kan v\u00e5ra tredjepartstj\u00e4nsteleverant\u00f6rer (s\u00e5som kreditkortsf\u00f6retag, clearinghus och banker) som kan tillhandah\u00e5lla s\u00e5dana tj\u00e4nster som kredit-, f\u00f6rs\u00e4krings- och depositionstj\u00e4nster samla in denna information fr\u00e5n v\u00e5ra bes\u00f6kare och auktoriserade kunder. Vi kontrollerar inte hur dessa tredje parter anv\u00e4nder s\u00e5dan information, men vi ber dem att avsl\u00f6ja hur de anv\u00e4nder personlig information som tillhandah\u00e5lls dem fr\u00e5n bes\u00f6kare och auktoriserade kunder. Vissa av dessa tredje parter kan vara mellanh\u00e4nder som enbart fungerar som l\u00e4nkar i distributionskedjan och inte lagrar, beh\u00e5ller eller anv\u00e4nder informationen som ges till dem.<\/p><h3>Hur anv\u00e4nder webbplatsen personligt identifierbar information?<\/h3><p>Vi anv\u00e4nder personligt identifierbar information f\u00f6r att anpassa webbplatsen, tillhandah\u00e5lla l\u00e4mpliga tj\u00e4nsteerbjudanden och f\u00f6r att uppfylla k\u00f6p- och s\u00e4ljf\u00f6rfr\u00e5gningar p\u00e5 webbplatsen. Vi kan skicka e-post till bes\u00f6kare och auktoriserade kunder om efterforskningar eller k\u00f6p- och f\u00f6rs\u00e4ljningsm\u00f6jligheter p\u00e5 webbplatsen eller information relaterad till \u00e4mnet f\u00f6r webbplatsen. Vi kan ocks\u00e5 anv\u00e4nda personligt identifierbar information f\u00f6r att kontakta bes\u00f6kare och auktoriserade kunder som svar p\u00e5 specifika f\u00f6rfr\u00e5gningar, eller f\u00f6r att tillhandah\u00e5lla efterfr\u00e5gad information.<\/p><h3>Vem f\u00e5r informationen delas med?<\/h3><p>Personligt identifierbar information om auktoriserade kunder kan delas med andra auktoriserade kunder som vill utv\u00e4rdera potentiella transaktioner med andra auktoriserade kunder. Vi kan komma att dela samlad information om v\u00e5ra bes\u00f6kare, inklusive demografin f\u00f6r v\u00e5ra bes\u00f6kare och auktoriserade kunder, med v\u00e5ra anslutna byr\u00e5er och tredjepartsleverant\u00f6rer. Vi erbjuder ocks\u00e5 m\u00f6jligheten att &quot;v\u00e4lja bort&quot; att ta emot information eller att bli kontaktad av oss eller av n\u00e5gon byr\u00e5 som agerar p\u00e5 v\u00e5ra v\u00e4gnar.<\/p><h3>Hur lagras personligt identifierbar information?<\/h3><p>Personligt identifierbar information som samlats in av FIAT lagras s\u00e4kert och \u00e4r inte tillg\u00e4nglig f\u00f6r tredje part eller anst\u00e4llda hos FIAT f\u00f6rutom f\u00f6r anv\u00e4ndning enligt ovan.<\/p><h3>Vilka val \u00e4r tillg\u00e4ngliga f\u00f6r bes\u00f6karna n\u00e4r det g\u00e4ller insamling, anv\u00e4ndning och distribution av informationen?<\/h3><p>Bes\u00f6kare och auktoriserade kunder kan v\u00e4lja bort att ta emot o\u00f6nskad information fr\u00e5n eller bli kontaktad av oss och\/eller v\u00e5ra leverant\u00f6rer och anslutna byr\u00e5er genom att svara p\u00e5 e-postmeddelanden enligt instruktionerna, eller genom att kontakta oss p\u00e5 Sutherland School of Law, University College Dublin Belfield, Dublin 4, Irland.<\/p><h3>Sm\u00e5kakor<\/h3><p>En cookie \u00e4r en rad information som en webbplats lagrar p\u00e5 en bes\u00f6kares dator, och som bes\u00f6karens webbl\u00e4sare tillhandah\u00e5ller till webbplatsen varje g\u00e5ng bes\u00f6karen \u00e5terv\u00e4nder.<\/p><h3>Anv\u00e4nds cookies p\u00e5 webbplatsen?<\/h3><p>Cookies anv\u00e4nds av en m\u00e4ngd olika anledningar. Vi anv\u00e4nder cookies f\u00f6r att f\u00e5 information om v\u00e5ra bes\u00f6kares preferenser och de tj\u00e4nster de v\u00e4ljer. Vi anv\u00e4nder ocks\u00e5 cookies i s\u00e4kerhetssyfte f\u00f6r att skydda v\u00e5ra auktoriserade kunder. Till exempel, om en auktoriserad kund \u00e4r inloggad och webbplatsen \u00e4r oanv\u00e4nd i mer \u00e4n 10 minuter, kommer vi automatiskt att logga ut den auktoriserade kunden. Bes\u00f6kare som inte vill ha cookies placerade p\u00e5 sina datorer b\u00f6r st\u00e4lla in sina webbl\u00e4sare p\u00e5 att v\u00e4gra cookies innan de anv\u00e4nder https:\/\/foundations.ac, med nackdelen att vissa funktioner p\u00e5 webbplatsen kanske inte fungerar korrekt utan hj\u00e4lp av cookies.<\/p><h3>Cookies som anv\u00e4nds av v\u00e5ra tj\u00e4nsteleverant\u00f6rer<\/h3><p>V\u00e5ra tj\u00e4nsteleverant\u00f6rer anv\u00e4nder cookies och dessa cookies kan lagras p\u00e5 din dator n\u00e4r du bes\u00f6ker v\u00e5r webbplats. Du kan hitta mer information om vilka cookies som anv\u00e4nds p\u00e5 v\u00e5r informationssida f\u00f6r cookies.<\/p><h3>Hur anv\u00e4nder FIAT inloggningsinformation?<\/h3><p>FIAT anv\u00e4nder inloggningsinformation, inklusive, men inte begr\u00e4nsat till, IP-adresser, ISP:er och webbl\u00e4sartyper, f\u00f6r att analysera trender, administrera webbplatsen, sp\u00e5ra en anv\u00e4ndares r\u00f6relser och anv\u00e4ndning och samla in bred demografisk information.<\/p><h3>Vilka partners eller tj\u00e4nsteleverant\u00f6rer har tillg\u00e5ng till personligt identifierbar information fr\u00e5n bes\u00f6kare och\/eller auktoriserade kunder p\u00e5 webbplatsen?<\/h3><p>FIAT har ing\u00e5tt och kommer att forts\u00e4tta att ing\u00e5 partnerskap och andra anslutningar med ett antal leverant\u00f6rer. S\u00e5dana leverant\u00f6rer kan ha tillg\u00e5ng till viss personligt identifierbar information om ett behov av att k\u00e4nna till grunden f\u00f6r att utv\u00e4rdera auktoriserade kunder f\u00f6r tj\u00e4nsteber\u00e4ttigande. V\u00e5r integritetspolicy t\u00e4cker inte deras insamling eller anv\u00e4ndning av denna information. Avsl\u00f6jande av personligt identifierbar information f\u00f6r att f\u00f6lja lagen. Vi kommer att avsl\u00f6ja personligt identifierbar information f\u00f6r att f\u00f6lja ett domstolsbeslut eller st\u00e4mning eller en beg\u00e4ran fr\u00e5n en brottsbek\u00e4mpande myndighet om att l\u00e4mna ut information. Vi kommer ocks\u00e5 att avsl\u00f6ja personligt identifierbar information n\u00e4r det \u00e4r rimligt n\u00f6dv\u00e4ndigt f\u00f6r att skydda s\u00e4kerheten f\u00f6r v\u00e5ra bes\u00f6kare och auktoriserade kunder.<\/p><h3>Hur h\u00e5ller webbplatsen personlig identifierbar information s\u00e4ker?<\/h3><p>Alla v\u00e5ra anst\u00e4llda \u00e4r bekanta med v\u00e5r s\u00e4kerhetspolicy och v\u00e5ra rutiner. Den personligt identifierbara informationen om v\u00e5ra bes\u00f6kare och auktoriserade kunder \u00e4r endast tillg\u00e4nglig f\u00f6r ett begr\u00e4nsat antal kvalificerade anst\u00e4llda som f\u00e5r ett l\u00f6senord f\u00f6r att f\u00e5 tillg\u00e5ng till informationen. Vi granskar v\u00e5ra s\u00e4kerhetssystem och processer regelbundet. K\u00e4nslig information, som kreditkortsnummer eller personnummer, skyddas av krypteringsprotokoll som \u00e4r p\u00e5 plats f\u00f6r att skydda information som skickas \u00f6ver Internet. \u00c4ven om vi vidtar kommersiellt rimliga \u00e5tg\u00e4rder f\u00f6r att uppr\u00e4tth\u00e5lla en s\u00e4ker webbplats, \u00e4r elektronisk kommunikation och databaser f\u00f6rem\u00e5l f\u00f6r fel, manipulering och inbrott, och vi kan inte garantera eller garantera att s\u00e5dana h\u00e4ndelser inte kommer att \u00e4ga rum och vi kommer inte att vara ansvariga gentemot bes\u00f6kare eller Auktoriserade kunder f\u00f6r s\u00e5dana h\u00e4ndelser.<\/p><h3>Hur kan bes\u00f6kare korrigera eventuella felaktigheter i personligt identifierbar information?<\/h3><p>Bes\u00f6kare och auktoriserade kunder kan kontakta oss f\u00f6r att uppdatera personligt identifierbar information om dem eller f\u00f6r att korrigera eventuella felaktigheter genom att maila oss p\u00e5 deirdre.norris@ucd.ie<\/p><h3>Kan en bes\u00f6kare radera eller inaktivera personligt identifierbar information som samlats in av webbplatsen?<\/h3><p>Vi f\u00f6rser bes\u00f6kare och auktoriserade kunder med en mekanism f\u00f6r att radera\/avaktivera personlig identifierbar information fr\u00e5n webbplatsens databas genom att kontakta. P\u00e5 grund av s\u00e4kerhetskopior och register \u00f6ver raderingar kan det dock vara om\u00f6jligt att radera en bes\u00f6kares inl\u00e4gg utan att beh\u00e5lla en del \u00e5terst\u00e5ende information. En individ som beg\u00e4r att f\u00e5 personlig identifierbar information avaktiverad kommer att f\u00e5 denna information funktionellt raderad, och vi kommer inte att s\u00e4lja, \u00f6verf\u00f6ra eller anv\u00e4nda personlig identifierbar information som relaterar till den personen p\u00e5 n\u00e5got s\u00e4tt fram\u00f6ver.<\/p><h3>Dina r\u00e4ttigheter<\/h3><p>Dessa \u00e4r sammanfattade r\u00e4ttigheter som du har enligt dataskyddslagstiftningen<\/p><ul><li>R\u00e4tten till tillg\u00e5ng<\/li><li>R\u00e4tt till r\u00e4ttelse<\/li><li>R\u00e4tten till radering<\/li><li>R\u00e4tten att begr\u00e4nsa behandlingen<\/li><li>R\u00e4tt att inv\u00e4nda mot behandling<\/li><li>R\u00e4tten till dataportabilitet<\/li><li>R\u00e4tt att klaga hos en tillsynsmyndighet<\/li><li>R\u00e4tten att \u00e5terkalla samtycke<\/li><\/ul><h3>Vad h\u00e4nder om integritetspolicyn \u00e4ndras?<\/h3><p>Vi kommer att informera v\u00e5ra bes\u00f6kare och auktoriserade kunder om \u00e4ndringar i v\u00e5r integritetspolicy genom att publicera s\u00e5dana \u00e4ndringar p\u00e5 webbplatsen. Men om vi \u00e4ndrar v\u00e5r integritetspolicy p\u00e5 ett s\u00e4tt som kan orsaka avsl\u00f6jande av personligt identifierbar information som en bes\u00f6kare eller auktoriserad kund tidigare har beg\u00e4rt att inte ska l\u00e4mnas ut, kommer vi att kontakta s\u00e5dan bes\u00f6kare eller auktoriserad kund f\u00f6r att till\u00e5ta s\u00e5dan bes\u00f6kare eller auktoriserad kund att f\u00f6rhindra s\u00e5dant avsl\u00f6jande.<\/p><h3>L\u00e4nkar:<\/h3><p>https:\/\/foundations.ac inneh\u00e5ller l\u00e4nkar till andra webbplatser. Observera att n\u00e4r du klickar p\u00e5 en av dessa l\u00e4nkar flyttar du till en annan webbplats. Vi uppmuntrar dig att l\u00e4sa integritetspolicyn f\u00f6r dessa l\u00e4nkade webbplatser eftersom deras integritetspolicy kan skilja sig fr\u00e5n v\u00e5r.<\/p>\t\t\t\t\t\t\t\t<\/div>\n\t\t\t\t<\/div>\n\t\t\t\t\t<\/div>\n\t\t<\/div>\n\t\t\t\t\t<\/div>\n\t\t<\/section>\n\t\t\t\t<\/div>","protected":false},"excerpt":{"rendered":"<p>Welcome to https:\/\/foundations.ac (the &#8220;Site&#8221;) We understand that privacy online is important to users of our Site, especially when conducting business. This statement governs our privacy policies with respect to those users of the Site (&#8220;Visitors&#8221;) who visit without transacting business and Visitors who register to transact business on the Site and make use of [&hellip;]<\/p>\n","protected":false},"author":1,"featured_media":0,"parent":0,"menu_order":0,"comment_status":"closed","ping_status":"closed","template":"","meta":{"inline_featured_image":false,"_monsterinsights_skip_tracking":false,"_monsterinsights_sitenote_active":false,"_monsterinsights_sitenote_note":"","_monsterinsights_sitenote_category":0,"footnotes":""},"class_list":["post-159","page","type-page","status-publish","hentry"],"yoast_head":"<!-- This site is optimized with the Yoast SEO plugin v26.9 - https:\/\/yoast.com\/product\/yoast-seo-wordpress\/ -->\n<title>Privacy Policy - FIAT<\/title>\n<meta name=\"robots\" content=\"index, follow, max-snippet:-1, max-image-preview:large, max-video-preview:-1\" \/>\n<link rel=\"canonical\" href=\"https:\/\/foundations.ac\/sv\/privacy-policy\/\" \/>\n<meta property=\"og:locale\" content=\"sv_SE\" \/>\n<meta property=\"og:type\" content=\"article\" \/>\n<meta property=\"og:title\" content=\"Privacy Policy - FIAT\" \/>\n<meta property=\"og:description\" content=\"Welcome to https:\/\/foundations.ac (the &#8220;Site&#8221;) We understand that privacy online is important to users of our Site, especially when conducting business. This statement governs our privacy policies with respect to those users of the Site (&#8220;Visitors&#8221;) who visit without transacting business and Visitors who register to transact business on the Site and make use of [&hellip;]\" \/>\n<meta property=\"og:url\" content=\"https:\/\/foundations.ac\/sv\/privacy-policy\/\" \/>\n<meta property=\"og:site_name\" content=\"FIAT\" \/>\n<meta property=\"article:modified_time\" content=\"2021-05-28T12:20:02+00:00\" \/>\n<meta name=\"twitter:card\" content=\"summary_large_image\" \/>\n<meta name=\"twitter:label1\" content=\"Ber\u00e4knad l\u00e4stid\" \/>\n\t<meta name=\"twitter:data1\" content=\"6 minuter\" \/>\n<script type=\"application\/ld+json\" class=\"yoast-schema-graph\">{\"@context\":\"https:\/\/schema.org\",\"@graph\":[{\"@type\":\"WebPage\",\"@id\":\"https:\/\/foundations.ac\/privacy-policy\/\",\"url\":\"https:\/\/foundations.ac\/privacy-policy\/\",\"name\":\"Privacy Policy - FIAT\",\"isPartOf\":{\"@id\":\"https:\/\/foundations.ac\/#website\"},\"datePublished\":\"2021-03-09T11:40:21+00:00\",\"dateModified\":\"2021-05-28T12:20:02+00:00\",\"breadcrumb\":{\"@id\":\"https:\/\/foundations.ac\/privacy-policy\/#breadcrumb\"},\"inLanguage\":\"sv-SE\",\"potentialAction\":[{\"@type\":\"ReadAction\",\"target\":[\"https:\/\/foundations.ac\/privacy-policy\/\"]}]},{\"@type\":\"BreadcrumbList\",\"@id\":\"https:\/\/foundations.ac\/privacy-policy\/#breadcrumb\",\"itemListElement\":[{\"@type\":\"ListItem\",\"position\":1,\"name\":\"Home\",\"item\":\"https:\/\/foundations.ac\/en\/\"},{\"@type\":\"ListItem\",\"position\":2,\"name\":\"Privacy Policy\"}]},{\"@type\":\"WebSite\",\"@id\":\"https:\/\/foundations.ac\/#website\",\"url\":\"https:\/\/foundations.ac\/\",\"name\":\"FIAT\",\"description\":\"My WordPress Blog\",\"potentialAction\":[{\"@type\":\"SearchAction\",\"target\":{\"@type\":\"EntryPoint\",\"urlTemplate\":\"https:\/\/foundations.ac\/?s={search_term_string}\"},\"query-input\":{\"@type\":\"PropertyValueSpecification\",\"valueRequired\":true,\"valueName\":\"search_term_string\"}}],\"inLanguage\":\"sv-SE\"}]}<\/script>\n<!-- \/ Yoast SEO plugin. -->","yoast_head_json":{"title":"Integritetspolicy - FIAT","robots":{"index":"index","follow":"follow","max-snippet":"max-snippet:-1","max-image-preview":"max-image-preview:large","max-video-preview":"max-video-preview:-1"},"canonical":"https:\/\/foundations.ac\/sv\/privacy-policy\/","og_locale":"sv_SE","og_type":"article","og_title":"Privacy Policy - FIAT","og_description":"Welcome to https:\/\/foundations.ac (the &#8220;Site&#8221;) We understand that privacy online is important to users of our Site, especially when conducting business. This statement governs our privacy policies with respect to those users of the Site (&#8220;Visitors&#8221;) who visit without transacting business and Visitors who register to transact business on the Site and make use of [&hellip;]","og_url":"https:\/\/foundations.ac\/sv\/privacy-policy\/","og_site_name":"FIAT","article_modified_time":"2021-05-28T12:20:02+00:00","twitter_card":"summary_large_image","twitter_misc":{"Ber\u00e4knad l\u00e4stid":"6 minuter"},"schema":{"@context":"https:\/\/schema.org","@graph":[{"@type":"WebPage","@id":"https:\/\/foundations.ac\/privacy-policy\/","url":"https:\/\/foundations.ac\/privacy-policy\/","name":"Integritetspolicy - FIAT","isPartOf":{"@id":"https:\/\/foundations.ac\/#website"},"datePublished":"2021-03-09T11:40:21+00:00","dateModified":"2021-05-28T12:20:02+00:00","breadcrumb":{"@id":"https:\/\/foundations.ac\/privacy-policy\/#breadcrumb"},"inLanguage":"sv-SE","potentialAction":[{"@type":"ReadAction","target":["https:\/\/foundations.ac\/privacy-policy\/"]}]},{"@type":"BreadcrumbList","@id":"https:\/\/foundations.ac\/privacy-policy\/#breadcrumb","itemListElement":[{"@type":"ListItem","position":1,"name":"Home","item":"https:\/\/foundations.ac\/en\/"},{"@type":"ListItem","position":2,"name":"Privacy Policy"}]},{"@type":"WebSite","@id":"https:\/\/foundations.ac\/#website","url":"https:\/\/foundations.ac\/","name":"FIAT","description":"Min WordPress-blogg","potentialAction":[{"@type":"SearchAction","target":{"@type":"EntryPoint","urlTemplate":"https:\/\/foundations.ac\/?s={search_term_string}"},"query-input":{"@type":"PropertyValueSpecification","valueRequired":true,"valueName":"search_term_string"}}],"inLanguage":"sv-SE"}]}},"_links":{"self":[{"href":"https:\/\/foundations.ac\/sv\/wp-json\/wp\/v2\/pages\/159","targetHints":{"allow":["GET"]}}],"collection":[{"href":"https:\/\/foundations.ac\/sv\/wp-json\/wp\/v2\/pages"}],"about":[{"href":"https:\/\/foundations.ac\/sv\/wp-json\/wp\/v2\/types\/page"}],"author":[{"embeddable":true,"href":"https:\/\/foundations.ac\/sv\/wp-json\/wp\/v2\/users\/1"}],"replies":[{"embeddable":true,"href":"https:\/\/foundations.ac\/sv\/wp-json\/wp\/v2\/comments?post=159"}],"version-history":[{"count":3,"href":"https:\/\/foundations.ac\/sv\/wp-json\/wp\/v2\/pages\/159\/revisions"}],"predecessor-version":[{"id":464,"href":"https:\/\/foundations.ac\/sv\/wp-json\/wp\/v2\/pages\/159\/revisions\/464"}],"wp:attachment":[{"href":"https:\/\/foundations.ac\/sv\/wp-json\/wp\/v2\/media?parent=159"}],"curies":[{"name":"wp","href":"https:\/\/api.w.org\/{rel}","templated":true}]}}